{"id":10803,"date":"2025-05-23T10:50:24","date_gmt":"2025-05-23T08:50:24","guid":{"rendered":"https:\/\/www.byggdagboken.se\/karriere\/"},"modified":"2026-04-27T07:10:34","modified_gmt":"2026-04-27T05:10:34","slug":"karriere","status":"publish","type":"page","link":"https:\/\/www.byggdagboken.se\/da\/karriere\/","title":{"rendered":"Karriere"},"content":{"rendered":"\t\t<div data-elementor-type=\"wp-page\" data-elementor-id=\"10803\" class=\"elementor elementor-10803 elementor-351\" data-elementor-post-type=\"page\">\n\t\t\t\t<div class=\"elementor-element elementor-element-1ad84d87 e-con-full e-flex e-con e-parent\" data-id=\"1ad84d87\" data-element_type=\"container\" data-e-type=\"container\" data-settings=\"{&quot;background_background&quot;:&quot;classic&quot;}\">\n\t\t<div class=\"elementor-element elementor-element-16474866 e-con-full e-flex e-con e-child\" data-id=\"16474866\" data-element_type=\"container\" data-e-type=\"container\">\n\t\t<div class=\"elementor-element elementor-element-7e5b733 e-con-full e-flex e-con e-child\" data-id=\"7e5b733\" data-element_type=\"container\" data-e-type=\"container\">\n\t\t\t\t<div class=\"elementor-element elementor-element-514c7091 elementor-widget elementor-widget-heading\" data-id=\"514c7091\" data-element_type=\"widget\" data-e-type=\"widget\" data-widget_type=\"heading.default\">\n\t\t\t\t\t<h1 class=\"elementor-heading-title elementor-size-default\">Karriere<\/h1>\t\t\t\t<\/div>\n\t\t\t\t<div class=\"elementor-element elementor-element-ba7bcd elementor-widget__width-initial elementor-widget elementor-widget-text-editor\" data-id=\"ba7bcd\" data-element_type=\"widget\" data-e-type=\"widget\" data-widget_type=\"text-editor.default\">\n\t\t\t\t\t\t\t\t\t<p><span>Siden 2016 har vi hos Byggdagboken v\u00e6ret fast besluttet p\u00e5 at f<\/span><span>orenkle arbejdsdagen for byggebranchen ved at <\/span><span>digitalisere processen for projektstyring. Vores succes er ikke kun et resultat af vores intuitive v\u00e6rkt\u00f8j, men ogs\u00e5 takket v\u00e6re det engagerede team af medarbejdere, der br\u00e6nder for at g\u00f8re hver kundes oplevelse uovertruffen. <\/span><span>Deler du vores passion for innovation og kundeservice \u2013 og er <\/span><span>klar til at blive en vigtig del af vores fortsatte rejse? <\/span><span>Udforsk vores ledige stillinger i dag<\/span><span>.<\/span><\/p>\t\t\t\t\t\t\t\t<\/div>\n\t\t<div class=\"elementor-element elementor-element-1a97bdd6 e-con-full elementor-hidden-mobile e-flex e-con e-child\" data-id=\"1a97bdd6\" data-element_type=\"container\" data-e-type=\"container\" data-settings=\"{&quot;background_background&quot;:&quot;classic&quot;}\">\n\t\t\t\t<\/div>\n\t\t\t\t<\/div>\n\t\t\t\t<\/div>\n\t\t\t\t<\/div>\n\t\t<div class=\"elementor-element elementor-element-f4d5bde e-con-full e-flex e-con e-parent\" data-id=\"f4d5bde\" data-element_type=\"container\" data-e-type=\"container\" data-settings=\"{&quot;background_background&quot;:&quot;classic&quot;}\">\n\t\t<div class=\"elementor-element elementor-element-66387c3c e-flex e-con-boxed e-con e-child\" data-id=\"66387c3c\" data-element_type=\"container\" data-e-type=\"container\">\n\t\t\t\t\t<div class=\"e-con-inner\">\n\t\t\t\t<div class=\"elementor-element elementor-element-7cc814b1 elementor-widget elementor-widget-heading\" data-id=\"7cc814b1\" data-element_type=\"widget\" data-e-type=\"widget\" data-widget_type=\"heading.default\">\n\t\t\t\t\t<h2 class=\"elementor-heading-title elementor-size-default\">Bliv vores n\u00e6ste medarbejder<\/h2>\t\t\t\t<\/div>\n\t\t\t\t<div class=\"elementor-element elementor-element-35781cab elementor-widget elementor-widget-text-editor\" data-id=\"35781cab\" data-element_type=\"widget\" data-e-type=\"widget\" data-widget_type=\"text-editor.default\">\n\t\t\t\t\t\t\t\t\t<p>Har du lyst til at arbejde fra de nordlige dele af smukke H\u00e4lsingland?<\/p>\n<p>S\u00e5 er du kommet til det rette sted. Vi leder konstant efter de rette personer, der kan bidrage til udviklingen og v\u00e6re med p\u00e5 den rejse, vi er p\u00e5 med virksomheden.<\/p>\n<p>Vi er i dag omkring 20 medarbejdere inden for blandt andet salg, kundepleje, administration, support &amp; IT-udvikling. Som medarbejder bliver du en del af et team, der prioriterer holdet frem for individet, og som konstant s\u00f8ger efter forbedringsomr\u00e5der b\u00e5de p\u00e5 individuelt plan og inden for virksomheden.<\/p>\n<p>Du bliver en meget vigtig spiller i vores fortsatte udvikling, med visionen om at blive markedsleder inden for digitale projektv\u00e6rkt\u00f8jer rettet mod byggebranchen.<\/p>\n<p>For at n\u00e5 dertil tror vi, at det er vigtigt, at du er m\u00e5lrettet, kan h\u00e5ndtere et h\u00f8jt tempo og kan yde det ekstra, der skal til for at n\u00e5 b\u00e5de dine egne og vores f\u00e6lles m\u00e5l.<\/p>\t\t\t\t\t\t\t\t<\/div>\n\t\t\t\t\t<\/div>\n\t\t\t\t<\/div>\n\t\t<div class=\"elementor-element elementor-element-57e586d2 e-con-full e-flex e-con e-child\" data-id=\"57e586d2\" data-element_type=\"container\" data-e-type=\"container\" data-settings=\"{&quot;background_background&quot;:&quot;classic&quot;}\">\n\t\t\t\t<div class=\"elementor-element elementor-element-3b674d67 elementor-widget elementor-widget-heading\" data-id=\"3b674d67\" data-element_type=\"widget\" data-e-type=\"widget\" data-widget_type=\"heading.default\">\n\t\t\t\t\t<h2 class=\"elementor-heading-title elementor-size-default\">Ledige stillinger:<\/h2>\t\t\t\t<\/div>\n\t\t<div class=\"elementor-element elementor-element-24cebf2d e-flex e-con-boxed e-con e-child\" data-id=\"24cebf2d\" data-element_type=\"container\" data-e-type=\"container\">\n\t\t\t\t\t<div class=\"e-con-inner\">\n\t\t\t\t\t<\/div>\n\t\t\t\t<\/div>\n\t\t\t\t<div class=\"elementor-element elementor-element-46e46729 elementor-align-center elementor-widget elementor-widget-button\" data-id=\"46e46729\" data-element_type=\"widget\" data-e-type=\"widget\" data-widget_type=\"button.default\">\n\t\t\t\t\t\t\t\t\t\t<a class=\"elementor-button elementor-button-link elementor-size-sm\" href=\"#elementor-action%3Aaction%3Dpopup%3Aopen%26settings%3DeyJpZCI6MTczLCJ0b2dnbGUiOmZhbHNlfQ%3D%3D\">\n\t\t\t\t\t\t<span class=\"elementor-button-content-wrapper\">\n\t\t\t\t\t\t\t\t\t<span class=\"elementor-button-text\">Send en uopfordret ans\u00f8gning<\/span>\n\t\t\t\t\t<\/span>\n\t\t\t\t\t<\/a>\n\t\t\t\t\t\t\t\t<\/div>\n\t\t\t\t<\/div>\n\t\t\t\t<\/div>\n\t\t\t\t<\/div>\n\t\t","protected":false},"excerpt":{"rendered":"<p>Karriere Siden 2016 har vi hos Byggdagboken v\u00e6ret fast besluttet p\u00e5 at forenkle arbejdsdagen for byggebranchen ved at digitalisere processen for projektstyring. Vores succes er ikke kun et resultat af vores intuitive v\u00e6rkt\u00f8j, men ogs\u00e5 takket v\u00e6re det engagerede team af medarbejdere, der br\u00e6nder for at g\u00f8re hver kundes oplevelse uovertruffen. Deler du vores passion [&hellip;]<\/p>\n","protected":false},"author":1,"featured_media":0,"parent":0,"menu_order":13,"comment_status":"closed","ping_status":"closed","template":"elementor_header_footer","meta":{"_acf_changed":false,"footnotes":""},"class_list":["post-10803","page","type-page","status-publish","hentry"],"acf":[],"yoast_head":"<!-- This site is optimized with the Yoast SEO plugin v27.4 - https:\/\/yoast.com\/product\/yoast-seo-wordpress\/ -->\n<title>Karriere - Byggdagboken<\/title>\n<meta name=\"robots\" content=\"index, follow, max-snippet:-1, max-image-preview:large, max-video-preview:-1\" \/>\n<link rel=\"canonical\" href=\"https:\/\/www.byggdagboken.se\/da\/karriere\/\" \/>\n<meta property=\"og:locale\" content=\"da_DK\" \/>\n<meta property=\"og:type\" content=\"article\" \/>\n<meta property=\"og:title\" content=\"Karriere - Byggdagboken\" \/>\n<meta property=\"og:description\" content=\"Karriere Siden 2016 har vi hos Byggdagboken v\u00e6ret fast besluttet p\u00e5 at forenkle arbejdsdagen for byggebranchen ved at digitalisere processen for projektstyring. Vores succes er ikke kun et resultat af vores intuitive v\u00e6rkt\u00f8j, men ogs\u00e5 takket v\u00e6re det engagerede team af medarbejdere, der br\u00e6nder for at g\u00f8re hver kundes oplevelse uovertruffen. Deler du vores passion [&hellip;]\" \/>\n<meta property=\"og:url\" content=\"https:\/\/www.byggdagboken.se\/da\/karriere\/\" \/>\n<meta property=\"og:site_name\" content=\"Byggdagboken\" \/>\n<meta property=\"article:modified_time\" content=\"2026-04-27T05:10:34+00:00\" \/>\n<meta name=\"twitter:card\" content=\"summary_large_image\" \/>\n<meta name=\"twitter:label1\" content=\"Estimeret l\u00e6setid\" \/>\n\t<meta name=\"twitter:data1\" content=\"1 minut\" \/>\n<script type=\"application\/ld+json\" class=\"yoast-schema-graph\">{\"@context\":\"https:\\\/\\\/schema.org\",\"@graph\":[{\"@type\":\"WebPage\",\"@id\":\"https:\\\/\\\/www.byggdagboken.se\\\/da\\\/karriere\\\/\",\"url\":\"https:\\\/\\\/www.byggdagboken.se\\\/da\\\/karriere\\\/\",\"name\":\"Karriere - Byggdagboken\",\"isPartOf\":{\"@id\":\"https:\\\/\\\/www.byggdagboken.se\\\/da\\\/#website\"},\"datePublished\":\"2025-05-23T08:50:24+00:00\",\"dateModified\":\"2026-04-27T05:10:34+00:00\",\"breadcrumb\":{\"@id\":\"https:\\\/\\\/www.byggdagboken.se\\\/da\\\/karriere\\\/#breadcrumb\"},\"inLanguage\":\"da-DK\",\"potentialAction\":[{\"@type\":\"ReadAction\",\"target\":[\"https:\\\/\\\/www.byggdagboken.se\\\/da\\\/karriere\\\/\"]}]},{\"@type\":\"BreadcrumbList\",\"@id\":\"https:\\\/\\\/www.byggdagboken.se\\\/da\\\/karriere\\\/#breadcrumb\",\"itemListElement\":[{\"@type\":\"ListItem\",\"position\":1,\"name\":\"Hem\",\"item\":\"https:\\\/\\\/www.byggdagboken.se\\\/da\\\/forside\\\/\"},{\"@type\":\"ListItem\",\"position\":2,\"name\":\"Karriere\"}]},{\"@type\":\"WebSite\",\"@id\":\"https:\\\/\\\/www.byggdagboken.se\\\/da\\\/#website\",\"url\":\"https:\\\/\\\/www.byggdagboken.se\\\/da\\\/\",\"name\":\"Byggdagboken\",\"description\":\"Koll med ett klick\",\"publisher\":{\"@id\":\"https:\\\/\\\/www.byggdagboken.se\\\/da\\\/#organization\"},\"potentialAction\":[{\"@type\":\"SearchAction\",\"target\":{\"@type\":\"EntryPoint\",\"urlTemplate\":\"https:\\\/\\\/www.byggdagboken.se\\\/da\\\/?s={search_term_string}\"},\"query-input\":{\"@type\":\"PropertyValueSpecification\",\"valueRequired\":true,\"valueName\":\"search_term_string\"}}],\"inLanguage\":\"da-DK\"},{\"@type\":\"Organization\",\"@id\":\"https:\\\/\\\/www.byggdagboken.se\\\/da\\\/#organization\",\"name\":\"Byggdagboken\",\"url\":\"https:\\\/\\\/www.byggdagboken.se\\\/da\\\/\",\"logo\":{\"@type\":\"ImageObject\",\"inLanguage\":\"da-DK\",\"@id\":\"https:\\\/\\\/www.byggdagboken.se\\\/da\\\/#\\\/schema\\\/logo\\\/image\\\/\",\"url\":\"https:\\\/\\\/www.byggdagboken.se\\\/wp-content\\\/uploads\\\/2025\\\/05\\\/Byggdagboken_Liggande_Shop-1.svg\",\"contentUrl\":\"https:\\\/\\\/www.byggdagboken.se\\\/wp-content\\\/uploads\\\/2025\\\/05\\\/Byggdagboken_Liggande_Shop-1.svg\",\"width\":606,\"height\":179,\"caption\":\"Byggdagboken\"},\"image\":{\"@id\":\"https:\\\/\\\/www.byggdagboken.se\\\/da\\\/#\\\/schema\\\/logo\\\/image\\\/\"}}]}<\/script>\n<!-- \/ Yoast SEO plugin. -->","yoast_head_json":{"title":"Karriere - Byggdagboken","robots":{"index":"index","follow":"follow","max-snippet":"max-snippet:-1","max-image-preview":"max-image-preview:large","max-video-preview":"max-video-preview:-1"},"canonical":"https:\/\/www.byggdagboken.se\/da\/karriere\/","og_locale":"da_DK","og_type":"article","og_title":"Karriere - Byggdagboken","og_description":"Karriere Siden 2016 har vi hos Byggdagboken v\u00e6ret fast besluttet p\u00e5 at forenkle arbejdsdagen for byggebranchen ved at digitalisere processen for projektstyring. Vores succes er ikke kun et resultat af vores intuitive v\u00e6rkt\u00f8j, men ogs\u00e5 takket v\u00e6re det engagerede team af medarbejdere, der br\u00e6nder for at g\u00f8re hver kundes oplevelse uovertruffen. Deler du vores passion [&hellip;]","og_url":"https:\/\/www.byggdagboken.se\/da\/karriere\/","og_site_name":"Byggdagboken","article_modified_time":"2026-04-27T05:10:34+00:00","twitter_card":"summary_large_image","twitter_misc":{"Estimeret l\u00e6setid":"1 minut"},"schema":{"@context":"https:\/\/schema.org","@graph":[{"@type":"WebPage","@id":"https:\/\/www.byggdagboken.se\/da\/karriere\/","url":"https:\/\/www.byggdagboken.se\/da\/karriere\/","name":"Karriere - Byggdagboken","isPartOf":{"@id":"https:\/\/www.byggdagboken.se\/da\/#website"},"datePublished":"2025-05-23T08:50:24+00:00","dateModified":"2026-04-27T05:10:34+00:00","breadcrumb":{"@id":"https:\/\/www.byggdagboken.se\/da\/karriere\/#breadcrumb"},"inLanguage":"da-DK","potentialAction":[{"@type":"ReadAction","target":["https:\/\/www.byggdagboken.se\/da\/karriere\/"]}]},{"@type":"BreadcrumbList","@id":"https:\/\/www.byggdagboken.se\/da\/karriere\/#breadcrumb","itemListElement":[{"@type":"ListItem","position":1,"name":"Hem","item":"https:\/\/www.byggdagboken.se\/da\/forside\/"},{"@type":"ListItem","position":2,"name":"Karriere"}]},{"@type":"WebSite","@id":"https:\/\/www.byggdagboken.se\/da\/#website","url":"https:\/\/www.byggdagboken.se\/da\/","name":"Byggdagboken","description":"Koll med ett klick","publisher":{"@id":"https:\/\/www.byggdagboken.se\/da\/#organization"},"potentialAction":[{"@type":"SearchAction","target":{"@type":"EntryPoint","urlTemplate":"https:\/\/www.byggdagboken.se\/da\/?s={search_term_string}"},"query-input":{"@type":"PropertyValueSpecification","valueRequired":true,"valueName":"search_term_string"}}],"inLanguage":"da-DK"},{"@type":"Organization","@id":"https:\/\/www.byggdagboken.se\/da\/#organization","name":"Byggdagboken","url":"https:\/\/www.byggdagboken.se\/da\/","logo":{"@type":"ImageObject","inLanguage":"da-DK","@id":"https:\/\/www.byggdagboken.se\/da\/#\/schema\/logo\/image\/","url":"https:\/\/www.byggdagboken.se\/wp-content\/uploads\/2025\/05\/Byggdagboken_Liggande_Shop-1.svg","contentUrl":"https:\/\/www.byggdagboken.se\/wp-content\/uploads\/2025\/05\/Byggdagboken_Liggande_Shop-1.svg","width":606,"height":179,"caption":"Byggdagboken"},"image":{"@id":"https:\/\/www.byggdagboken.se\/da\/#\/schema\/logo\/image\/"}}]}},"_links":{"self":[{"href":"https:\/\/www.byggdagboken.se\/da\/wp-json\/wp\/v2\/pages\/10803","targetHints":{"allow":["GET"]}}],"collection":[{"href":"https:\/\/www.byggdagboken.se\/da\/wp-json\/wp\/v2\/pages"}],"about":[{"href":"https:\/\/www.byggdagboken.se\/da\/wp-json\/wp\/v2\/types\/page"}],"author":[{"embeddable":true,"href":"https:\/\/www.byggdagboken.se\/da\/wp-json\/wp\/v2\/users\/1"}],"replies":[{"embeddable":true,"href":"https:\/\/www.byggdagboken.se\/da\/wp-json\/wp\/v2\/comments?post=10803"}],"version-history":[{"count":2,"href":"https:\/\/www.byggdagboken.se\/da\/wp-json\/wp\/v2\/pages\/10803\/revisions"}],"predecessor-version":[{"id":10806,"href":"https:\/\/www.byggdagboken.se\/da\/wp-json\/wp\/v2\/pages\/10803\/revisions\/10806"}],"wp:attachment":[{"href":"https:\/\/www.byggdagboken.se\/da\/wp-json\/wp\/v2\/media?parent=10803"}],"curies":[{"name":"wp","href":"https:\/\/api.w.org\/{rel}","templated":true}]}}