{"id":11126,"date":"2025-05-23T10:50:24","date_gmt":"2025-05-23T08:50:24","guid":{"rendered":"https:\/\/www.byggdagboken.se\/karriere\/"},"modified":"2026-04-30T11:41:25","modified_gmt":"2026-04-30T09:41:25","slug":"karriere","status":"publish","type":"page","link":"https:\/\/www.byggdagboken.se\/de\/karriere\/","title":{"rendered":"Karriere"},"content":{"rendered":"\t\t<div data-elementor-type=\"wp-page\" data-elementor-id=\"11126\" class=\"elementor elementor-11126 elementor-351\" data-elementor-post-type=\"page\">\n\t\t\t\t<div class=\"elementor-element elementor-element-1ad84d87 e-con-full e-flex e-con e-parent\" data-id=\"1ad84d87\" data-element_type=\"container\" data-e-type=\"container\" data-settings=\"{&quot;background_background&quot;:&quot;classic&quot;}\">\n\t\t<div class=\"elementor-element elementor-element-16474866 e-con-full e-flex e-con e-child\" data-id=\"16474866\" data-element_type=\"container\" data-e-type=\"container\">\n\t\t<div class=\"elementor-element elementor-element-7e5b733 e-con-full e-flex e-con e-child\" data-id=\"7e5b733\" data-element_type=\"container\" data-e-type=\"container\">\n\t\t\t\t<div class=\"elementor-element elementor-element-514c7091 elementor-widget elementor-widget-heading\" data-id=\"514c7091\" data-element_type=\"widget\" data-e-type=\"widget\" data-widget_type=\"heading.default\">\n\t\t\t\t\t<h1 class=\"elementor-heading-title elementor-size-default\">Karriere<\/h1>\t\t\t\t<\/div>\n\t\t\t\t<div class=\"elementor-element elementor-element-ba7bcd elementor-widget__width-initial elementor-widget elementor-widget-text-editor\" data-id=\"ba7bcd\" data-element_type=\"widget\" data-e-type=\"widget\" data-widget_type=\"text-editor.default\">\n\t\t\t\t\t\t\t\t\t<p><span>Seit 2016 sind wir bei Byggdagboken fest entschlossen, den <\/span><span>Arbeitsalltag in der Baubranche zu vereinfachen, indem wir <\/span><span>den Prozess des Projektmanagements digitalisieren. Unser Erfolg ist nicht nur das Ergebnis unseres intuitiven Tools, sondern auch das Verdienst unseres engagierten Teams von Mitarbeitern, die leidenschaftlich daran arbeiten, die Erfahrung jedes Kunden unschlagbar zu machen. <\/span><span>Teilen Sie unsere Leidenschaft f\u00fcr Innovation und Kundenservice \u2013 und sind Sie <\/span><span>bereit, ein wichtiger Teil unserer weiteren Reise zu werden? <\/span><span>Entdecken Sie noch heute unsere offenen Stellen<\/span><span>.<\/span><\/p>\t\t\t\t\t\t\t\t<\/div>\n\t\t<div class=\"elementor-element elementor-element-1a97bdd6 e-con-full elementor-hidden-mobile e-flex e-con e-child\" data-id=\"1a97bdd6\" data-element_type=\"container\" data-e-type=\"container\" data-settings=\"{&quot;background_background&quot;:&quot;classic&quot;}\">\n\t\t\t\t<\/div>\n\t\t\t\t<\/div>\n\t\t\t\t<\/div>\n\t\t\t\t<\/div>\n\t\t<div class=\"elementor-element elementor-element-f4d5bde e-con-full e-flex e-con e-parent\" data-id=\"f4d5bde\" data-element_type=\"container\" data-e-type=\"container\" data-settings=\"{&quot;background_background&quot;:&quot;classic&quot;}\">\n\t\t<div class=\"elementor-element elementor-element-66387c3c e-flex e-con-boxed e-con e-child\" data-id=\"66387c3c\" data-element_type=\"container\" data-e-type=\"container\">\n\t\t\t\t\t<div class=\"e-con-inner\">\n\t\t\t\t<div class=\"elementor-element elementor-element-7cc814b1 elementor-widget elementor-widget-heading\" data-id=\"7cc814b1\" data-element_type=\"widget\" data-e-type=\"widget\" data-widget_type=\"heading.default\">\n\t\t\t\t\t<h2 class=\"elementor-heading-title elementor-size-default\">Werden Sie unser n\u00e4chster Mitarbeiter<\/h2>\t\t\t\t<\/div>\n\t\t\t\t<div class=\"elementor-element elementor-element-35781cab elementor-widget elementor-widget-text-editor\" data-id=\"35781cab\" data-element_type=\"widget\" data-e-type=\"widget\" data-widget_type=\"text-editor.default\">\n\t\t\t\t\t\t\t\t\t<p>Haben Sie Lust, vom n\u00f6rdlichen Teil des sch\u00f6nen H\u00e4lsingland aus zu arbeiten?<\/p>\n<p>Dann sind Sie hier genau richtig. Wir suchen st\u00e4ndig nach den richtigen Personen, die bei der Entwicklung helfen und Teil der Reise sein m\u00f6chten, die wir mit dem Unternehmen unternehmen. <\/p>\n<p>Wir sind heute rund 20 Mitarbeiter in den Bereichen Vertrieb, Kundenbetreuung, Administration, Support &#038; IT-Entwicklung. Als Mitarbeiter werden Sie Teil eines Teams, das das Kollektiv vor das Individuum stellt und st\u00e4ndig auf der Suche nach Verbesserungspotenzialen auf individueller Ebene sowie innerhalb des Unternehmens ist. <\/p>\n<p>Sie werden zu einem sehr wichtigen Akteur in unserer weiteren Entwicklung, mit der Vision, Marktf\u00fchrer f\u00fcr digitale Projektwerkzeuge in der Baubranche zu werden.<\/p>\n<p>Um dieses Ziel zu erreichen, glauben wir, dass es wichtig ist, dass Sie zielstrebig sind, ein hohes Tempo bew\u00e4ltigen k\u00f6nnen und bereit sind, das gewisse Extra zu geben, um Ihre eigenen sowie unsere gemeinsamen Ziele zu erreichen.<\/p>\t\t\t\t\t\t\t\t<\/div>\n\t\t\t\t\t<\/div>\n\t\t\t\t<\/div>\n\t\t<div class=\"elementor-element elementor-element-57e586d2 e-con-full e-flex e-con e-child\" data-id=\"57e586d2\" data-element_type=\"container\" data-e-type=\"container\" data-settings=\"{&quot;background_background&quot;:&quot;classic&quot;}\">\n\t\t\t\t<div class=\"elementor-element elementor-element-3b674d67 elementor-widget elementor-widget-heading\" data-id=\"3b674d67\" data-element_type=\"widget\" data-e-type=\"widget\" data-widget_type=\"heading.default\">\n\t\t\t\t\t<h2 class=\"elementor-heading-title elementor-size-default\">Offene Stellen:<\/h2>\t\t\t\t<\/div>\n\t\t<div class=\"elementor-element elementor-element-24cebf2d e-flex e-con-boxed e-con e-child\" data-id=\"24cebf2d\" data-element_type=\"container\" data-e-type=\"container\">\n\t\t\t\t\t<div class=\"e-con-inner\">\n\t\t\t\t\t<\/div>\n\t\t\t\t<\/div>\n\t\t\t\t<div class=\"elementor-element elementor-element-46e46729 elementor-align-center elementor-widget elementor-widget-button\" data-id=\"46e46729\" data-element_type=\"widget\" data-e-type=\"widget\" data-widget_type=\"button.default\">\n\t\t\t\t\t\t\t\t\t\t<a class=\"elementor-button elementor-button-link elementor-size-sm\" href=\"#elementor-action%3Aaction%3Dpopup%3Aopen%26settings%3DeyJpZCI6MTEzNzAsInRvZ2dsZSI6ZmFsc2V9\">\n\t\t\t\t\t\t<span class=\"elementor-button-content-wrapper\">\n\t\t\t\t\t\t\t\t\t<span class=\"elementor-button-text\">Initiativbewerbung senden<\/span>\n\t\t\t\t\t<\/span>\n\t\t\t\t\t<\/a>\n\t\t\t\t\t\t\t\t<\/div>\n\t\t\t\t<\/div>\n\t\t\t\t<\/div>\n\t\t\t\t<\/div>\n\t\t","protected":false},"excerpt":{"rendered":"<p>Karriere Seit 2016 sind wir bei Byggdagboken fest entschlossen, den Arbeitsalltag in der Baubranche zu vereinfachen, indem wir den Prozess des Projektmanagements digitalisieren. Unser Erfolg ist nicht nur das Ergebnis unseres intuitiven Tools, sondern auch das Verdienst unseres engagierten Teams von Mitarbeitern, die leidenschaftlich daran arbeiten, die Erfahrung jedes Kunden unschlagbar zu machen. Teilen Sie [&hellip;]<\/p>\n","protected":false},"author":1,"featured_media":0,"parent":0,"menu_order":28,"comment_status":"closed","ping_status":"closed","template":"elementor_header_footer","meta":{"_acf_changed":false,"footnotes":""},"class_list":["post-11126","page","type-page","status-publish","hentry"],"acf":[],"yoast_head":"<!-- This site is optimized with the Yoast SEO plugin v27.5 - https:\/\/yoast.com\/product\/yoast-seo-wordpress\/ -->\n<title>Karriere - Byggdagboken<\/title>\n<meta name=\"robots\" content=\"index, follow, max-snippet:-1, max-image-preview:large, max-video-preview:-1\" \/>\n<link rel=\"canonical\" href=\"https:\/\/www.byggdagboken.se\/de\/karriere\/\" \/>\n<meta property=\"og:locale\" content=\"de_DE\" \/>\n<meta property=\"og:type\" content=\"article\" \/>\n<meta property=\"og:title\" content=\"Karriere - Byggdagboken\" \/>\n<meta property=\"og:description\" content=\"Karriere Seit 2016 sind wir bei Byggdagboken fest entschlossen, den Arbeitsalltag in der Baubranche zu vereinfachen, indem wir den Prozess des Projektmanagements digitalisieren. Unser Erfolg ist nicht nur das Ergebnis unseres intuitiven Tools, sondern auch das Verdienst unseres engagierten Teams von Mitarbeitern, die leidenschaftlich daran arbeiten, die Erfahrung jedes Kunden unschlagbar zu machen. Teilen Sie [&hellip;]\" \/>\n<meta property=\"og:url\" content=\"https:\/\/www.byggdagboken.se\/de\/karriere\/\" \/>\n<meta property=\"og:site_name\" content=\"Byggdagboken\" \/>\n<meta property=\"article:modified_time\" content=\"2026-04-30T09:41:25+00:00\" \/>\n<meta name=\"twitter:card\" content=\"summary_large_image\" \/>\n<meta name=\"twitter:label1\" content=\"Gesch\u00e4tzte Lesezeit\" \/>\n\t<meta name=\"twitter:data1\" content=\"1\u00a0Minute\" \/>\n<script type=\"application\/ld+json\" class=\"yoast-schema-graph\">{\"@context\":\"https:\\\/\\\/schema.org\",\"@graph\":[{\"@type\":\"WebPage\",\"@id\":\"https:\\\/\\\/www.byggdagboken.se\\\/de\\\/karriere\\\/\",\"url\":\"https:\\\/\\\/www.byggdagboken.se\\\/de\\\/karriere\\\/\",\"name\":\"Karriere - Byggdagboken\",\"isPartOf\":{\"@id\":\"https:\\\/\\\/www.byggdagboken.se\\\/de\\\/#website\"},\"datePublished\":\"2025-05-23T08:50:24+00:00\",\"dateModified\":\"2026-04-30T09:41:25+00:00\",\"breadcrumb\":{\"@id\":\"https:\\\/\\\/www.byggdagboken.se\\\/de\\\/karriere\\\/#breadcrumb\"},\"inLanguage\":\"de\",\"potentialAction\":[{\"@type\":\"ReadAction\",\"target\":[\"https:\\\/\\\/www.byggdagboken.se\\\/de\\\/karriere\\\/\"]}]},{\"@type\":\"BreadcrumbList\",\"@id\":\"https:\\\/\\\/www.byggdagboken.se\\\/de\\\/karriere\\\/#breadcrumb\",\"itemListElement\":[{\"@type\":\"ListItem\",\"position\":1,\"name\":\"Hem\",\"item\":\"https:\\\/\\\/www.byggdagboken.se\\\/de\\\/\"},{\"@type\":\"ListItem\",\"position\":2,\"name\":\"Karriere\"}]},{\"@type\":\"WebSite\",\"@id\":\"https:\\\/\\\/www.byggdagboken.se\\\/de\\\/#website\",\"url\":\"https:\\\/\\\/www.byggdagboken.se\\\/de\\\/\",\"name\":\"Byggdagboken\",\"description\":\"Koll med ett klick\",\"publisher\":{\"@id\":\"https:\\\/\\\/www.byggdagboken.se\\\/de\\\/#organization\"},\"potentialAction\":[{\"@type\":\"SearchAction\",\"target\":{\"@type\":\"EntryPoint\",\"urlTemplate\":\"https:\\\/\\\/www.byggdagboken.se\\\/de\\\/?s={search_term_string}\"},\"query-input\":{\"@type\":\"PropertyValueSpecification\",\"valueRequired\":true,\"valueName\":\"search_term_string\"}}],\"inLanguage\":\"de\"},{\"@type\":\"Organization\",\"@id\":\"https:\\\/\\\/www.byggdagboken.se\\\/de\\\/#organization\",\"name\":\"Byggdagboken\",\"url\":\"https:\\\/\\\/www.byggdagboken.se\\\/de\\\/\",\"logo\":{\"@type\":\"ImageObject\",\"inLanguage\":\"de\",\"@id\":\"https:\\\/\\\/www.byggdagboken.se\\\/de\\\/#\\\/schema\\\/logo\\\/image\\\/\",\"url\":\"https:\\\/\\\/www.byggdagboken.se\\\/wp-content\\\/uploads\\\/2025\\\/05\\\/Byggdagboken_Liggande_Shop-1.svg\",\"contentUrl\":\"https:\\\/\\\/www.byggdagboken.se\\\/wp-content\\\/uploads\\\/2025\\\/05\\\/Byggdagboken_Liggande_Shop-1.svg\",\"width\":606,\"height\":179,\"caption\":\"Byggdagboken\"},\"image\":{\"@id\":\"https:\\\/\\\/www.byggdagboken.se\\\/de\\\/#\\\/schema\\\/logo\\\/image\\\/\"}}]}<\/script>\n<!-- \/ Yoast SEO plugin. -->","yoast_head_json":{"title":"Karriere - Byggdagboken","robots":{"index":"index","follow":"follow","max-snippet":"max-snippet:-1","max-image-preview":"max-image-preview:large","max-video-preview":"max-video-preview:-1"},"canonical":"https:\/\/www.byggdagboken.se\/de\/karriere\/","og_locale":"de_DE","og_type":"article","og_title":"Karriere - Byggdagboken","og_description":"Karriere Seit 2016 sind wir bei Byggdagboken fest entschlossen, den Arbeitsalltag in der Baubranche zu vereinfachen, indem wir den Prozess des Projektmanagements digitalisieren. Unser Erfolg ist nicht nur das Ergebnis unseres intuitiven Tools, sondern auch das Verdienst unseres engagierten Teams von Mitarbeitern, die leidenschaftlich daran arbeiten, die Erfahrung jedes Kunden unschlagbar zu machen. Teilen Sie [&hellip;]","og_url":"https:\/\/www.byggdagboken.se\/de\/karriere\/","og_site_name":"Byggdagboken","article_modified_time":"2026-04-30T09:41:25+00:00","twitter_card":"summary_large_image","twitter_misc":{"Gesch\u00e4tzte Lesezeit":"1\u00a0Minute"},"schema":{"@context":"https:\/\/schema.org","@graph":[{"@type":"WebPage","@id":"https:\/\/www.byggdagboken.se\/de\/karriere\/","url":"https:\/\/www.byggdagboken.se\/de\/karriere\/","name":"Karriere - Byggdagboken","isPartOf":{"@id":"https:\/\/www.byggdagboken.se\/de\/#website"},"datePublished":"2025-05-23T08:50:24+00:00","dateModified":"2026-04-30T09:41:25+00:00","breadcrumb":{"@id":"https:\/\/www.byggdagboken.se\/de\/karriere\/#breadcrumb"},"inLanguage":"de","potentialAction":[{"@type":"ReadAction","target":["https:\/\/www.byggdagboken.se\/de\/karriere\/"]}]},{"@type":"BreadcrumbList","@id":"https:\/\/www.byggdagboken.se\/de\/karriere\/#breadcrumb","itemListElement":[{"@type":"ListItem","position":1,"name":"Hem","item":"https:\/\/www.byggdagboken.se\/de\/"},{"@type":"ListItem","position":2,"name":"Karriere"}]},{"@type":"WebSite","@id":"https:\/\/www.byggdagboken.se\/de\/#website","url":"https:\/\/www.byggdagboken.se\/de\/","name":"Byggdagboken","description":"Koll med ett klick","publisher":{"@id":"https:\/\/www.byggdagboken.se\/de\/#organization"},"potentialAction":[{"@type":"SearchAction","target":{"@type":"EntryPoint","urlTemplate":"https:\/\/www.byggdagboken.se\/de\/?s={search_term_string}"},"query-input":{"@type":"PropertyValueSpecification","valueRequired":true,"valueName":"search_term_string"}}],"inLanguage":"de"},{"@type":"Organization","@id":"https:\/\/www.byggdagboken.se\/de\/#organization","name":"Byggdagboken","url":"https:\/\/www.byggdagboken.se\/de\/","logo":{"@type":"ImageObject","inLanguage":"de","@id":"https:\/\/www.byggdagboken.se\/de\/#\/schema\/logo\/image\/","url":"https:\/\/www.byggdagboken.se\/wp-content\/uploads\/2025\/05\/Byggdagboken_Liggande_Shop-1.svg","contentUrl":"https:\/\/www.byggdagboken.se\/wp-content\/uploads\/2025\/05\/Byggdagboken_Liggande_Shop-1.svg","width":606,"height":179,"caption":"Byggdagboken"},"image":{"@id":"https:\/\/www.byggdagboken.se\/de\/#\/schema\/logo\/image\/"}}]}},"_links":{"self":[{"href":"https:\/\/www.byggdagboken.se\/de\/wp-json\/wp\/v2\/pages\/11126","targetHints":{"allow":["GET"]}}],"collection":[{"href":"https:\/\/www.byggdagboken.se\/de\/wp-json\/wp\/v2\/pages"}],"about":[{"href":"https:\/\/www.byggdagboken.se\/de\/wp-json\/wp\/v2\/types\/page"}],"author":[{"embeddable":true,"href":"https:\/\/www.byggdagboken.se\/de\/wp-json\/wp\/v2\/users\/1"}],"replies":[{"embeddable":true,"href":"https:\/\/www.byggdagboken.se\/de\/wp-json\/wp\/v2\/comments?post=11126"}],"version-history":[{"count":2,"href":"https:\/\/www.byggdagboken.se\/de\/wp-json\/wp\/v2\/pages\/11126\/revisions"}],"predecessor-version":[{"id":11129,"href":"https:\/\/www.byggdagboken.se\/de\/wp-json\/wp\/v2\/pages\/11126\/revisions\/11129"}],"wp:attachment":[{"href":"https:\/\/www.byggdagboken.se\/de\/wp-json\/wp\/v2\/media?parent=11126"}],"curies":[{"name":"wp","href":"https:\/\/api.w.org\/{rel}","templated":true}]}}