{"id":11535,"date":"2025-05-23T10:52:55","date_gmt":"2025-05-23T08:52:55","guid":{"rendered":"https:\/\/www.byggdagboken.se\/datenschutzerklaerung\/"},"modified":"2026-04-30T11:57:20","modified_gmt":"2026-04-30T09:57:20","slug":"datenschutzerklaerung","status":"publish","type":"page","link":"https:\/\/www.byggdagboken.se\/de\/datenschutzerklaerung\/","title":{"rendered":"Datenschutzerkl\u00e4rung"},"content":{"rendered":"\t\t<div data-elementor-type=\"wp-page\" data-elementor-id=\"11535\" class=\"elementor elementor-11535 elementor-408\" data-elementor-post-type=\"page\">\n\t\t\t\t<div class=\"elementor-element elementor-element-2c0ffa7e e-flex e-con-boxed e-con e-parent\" data-id=\"2c0ffa7e\" data-element_type=\"container\" data-e-type=\"container\" data-settings=\"{&quot;background_background&quot;:&quot;classic&quot;}\">\n\t\t\t\t\t<div class=\"e-con-inner\">\n\t\t\t\t<div class=\"elementor-element elementor-element-11dce575 elementor-widget elementor-widget-heading\" data-id=\"11dce575\" data-element_type=\"widget\" data-e-type=\"widget\" data-widget_type=\"heading.default\">\n\t\t\t\t\t<h1 class=\"elementor-heading-title elementor-size-default\">Datenschutzerkl\u00e4rung<\/h1>\t\t\t\t<\/div>\n\t\t\t\t<div class=\"elementor-element elementor-element-26f80690 elementor-widget elementor-widget-text-editor\" data-id=\"26f80690\" data-element_type=\"widget\" data-e-type=\"widget\" data-widget_type=\"text-editor.default\">\n\t\t\t\t\t\t\t\t\tDie nachstehende Datenschutzerkl\u00e4rung gilt ab dem 25. Mai 2018.\r\n\r\nDaten sind Informationen, die wir \u00fcber Sie haben und \u00fcber Sie erheben sowie dar\u00fcber, wie Sie unsere Dienste nutzen \u2013 damit wir Ihnen wirklich gute Erlebnisse, Dienste und Angebote bieten k\u00f6nnen. Hier erfahren Sie: \r\n<ul>\r\n \t<li>Welche Arten von Daten wir erheben<\/li>\r\n \t<li>Wie wir Daten erheben<\/li>\r\n \t<li>Wof\u00fcr wir Daten verwenden<\/li>\r\n \t<li>Wie lange wir Daten speichern<\/li>\r\n \t<li>An wen wir Daten weitergeben<\/li>\r\n \t<li>Wie wir Daten sch\u00fctzen<\/li>\r\n \t<li>Sie bestimmen \u00fcber Ihre Daten<\/li>\r\n<\/ul>\r\n<h2>Welche Arten von Daten wir erheben<\/h2>\r\nWir erheben zwei Arten von Daten \u00fcber Sie \u2013 Kundendaten und Verkehrsdaten.\r\n\r\nKundendaten sind Informationen, die mit Ihrem Dienst verkn\u00fcpft sind \u2013 z. B. Name, Adresse, E-Mail-Adresse, Telefonnummer, Personennummer. Dazu k\u00f6nnen auch Informationen dar\u00fcber geh\u00f6ren, welche Dienste Sie haben und wie Sie diese nutzen, Bestellungen, Benutzer-ID, Passwort sowie weitere Informationen, die Sie uns bei Ihren Kontakten mit uns mitgeteilt haben.  \r\n\r\nVerkehrsdaten sind Informationen, die damit zusammenh\u00e4ngen, was passiert, wenn Sie unsere Dienste nutzen. Verkehrsdaten werden verarbeitet, um eine elektronische Nachricht \u00fcber ein elektronisches Kommunikationsnetz zu \u00fcbertragen, wenn Sie Ihre Dienste nutzen (z. B. wenn Sie ein Gespr\u00e4ch f\u00fchren oder E-Mails senden). \r\n<h2>Wie wir Daten erheben<\/h2>\r\nWir erheben und verarbeiten Daten, die:\r\n<ul>\r\n \t<li>Sie selbst angeben, wenn Sie Kunde bei uns werden und wenn Sie mit uns kommunizieren \u2013 z. B. wenn Sie Kunde werden, uns kontaktieren, um Informationen zu erhalten, oder Newsletter abonnieren. <\/li>\r\n \t<li>entstehen, wenn Sie einen unserer Dienste nutzen \u2013 z. B. wenn Sie unsere Website besuchen, anrufen oder SMS bzw. E-Mails senden. <\/li>\r\n \t<li>wir aus anderen Quellen beziehen \u2013 z. B. aus \u00f6ffentlich zug\u00e4nglichen Personenregistern wie SPAR, aus Registern, die f\u00fcr Bonit\u00e4tspr\u00fcfungen verwendet werden, wie UC, sowie von anderen Betreibern und Partnern. <\/li>\r\n \t<li>durch die Nutzung von Cookies auf unseren Webseiten erhoben werden, die Informationen in und aus Ihrem Webbrowser erfassen.<\/li>\r\n<\/ul>\r\nWelche Informationen wir \u00fcber Sie erheben, h\u00e4ngt davon ab, welchen\/welche unserer Dienste Sie nutzen.\r\n<h2>Wof\u00fcr wir Daten verwenden<\/h2>\r\nDamit wir Daten verarbeiten d\u00fcrfen, muss dies durch die geltenden Datenschutzvorschriften gedeckt sein, eine sogenannte Rechtsgrundlage. Das bedeutet: Damit unsere Verarbeitung Ihrer Daten rechtm\u00e4\u00dfig ist, muss sie erforderlich sein (1) zur Erf\u00fcllung des Vertrags mit Ihnen oder (2) zur Erf\u00fcllung einer rechtlichen Verpflichtung von Byggdagboken. Die Verarbeitung Ihrer Daten kann auch erfolgen (3) auf Grundlage einer Interessenabw\u00e4gung oder (4) nachdem Sie Ihre Einwilligung zu dieser konkreten Verarbeitung erteilt haben.  \r\n\r\nUm Dienste und Produkte bereitstellen zu k\u00f6nnen, m\u00fcssen wir Ihre Daten verarbeiten und verwalten.\r\n\r\nNachfolgend finden Sie Beispiele daf\u00fcr, zu welchen Zwecken wir Ihre Daten verarbeiten und auf welcher Rechtsgrundlage wir dies tun.\r\n<h3>Bereitstellung von Diensten<\/h3>\r\nWir verarbeiten Daten, um Sie als Kunden oder Nutzer zu identifizieren, Bestellungen gem\u00e4\u00df Ihrem Vertrag zu verwalten und zu liefern sowie Dienste bereitzustellen. Wir verarbeiten au\u00dferdem Daten, um die von Ihnen genutzten Dienste abzurechnen, Ihre Rechnungen und Zahlungen zu verwalten, f\u00fcr Bonit\u00e4tsausk\u00fcnfte, um Fehler zu beheben und andere Vorf\u00e4lle zu bearbeiten sowie um Beschwerden und Reklamationen zu bearbeiten. \r\n\r\nRechtsgrundlage: Vertragserf\u00fcllung\r\n<h3>Weitere Kommunikation \u00fcber Dienste<\/h3>\r\nWir verarbeiten au\u00dferdem Daten im Zusammenhang mit weiterer Kommunikation mit Ihnen, z. B. wenn wir Informationen senden und mit Ihnen in Fragen zu unseren Diensten in Kontakt stehen. Wenn Sie unseren Kundenservice anrufen, kann das Gespr\u00e4ch aufgezeichnet werden. Wenn Sie mit unserem Kundenservice chatten, k\u00f6nnen die geschriebenen Texte analysiert werden. Dies tun wir, um unsere Mitarbeitenden zu schulen, unser Sprachdialogsystem und unsere Arbeitsweise zu verbessern, damit wir Ihnen stets bestm\u00f6glich helfen k\u00f6nnen.    \r\n\r\nRechtsgrundlage: berechtigtes Interesse (Kundendaten) und Einwilligung (Verkehrsdaten).\r\n<h3>Weiterentwicklung von Diensten<\/h3>\r\nWir verarbeiten Daten, um unser Unternehmen, unsere Dienste und Netze sowie unsere Prozesse weiterzuentwickeln und zu betreiben. Zu diesem Zweck k\u00f6nnen wir auch Statistiken f\u00fcr Analysezwecke erstellen. \r\n\r\nRechtsgrundlage: berechtigtes Interesse (Kundendaten) und Einwilligung (Verkehrsdaten).\r\n<h3>Direktmarketing<\/h3>\r\nWir verarbeiten verschiedene Arten von Daten, um unsere Produkte und Dienste direkt an Sie vermarkten zu k\u00f6nnen. Sie k\u00f6nnen diese z. B. per Brief, Telefon, SMS und E-Mail erhalten. Zu diesem Zweck k\u00f6nnen wir auch Statistiken f\u00fcr Analysezwecke erstellen.   \r\n\r\nRechtsgrundlage: berechtigtes Interesse (Kundendaten) und Einwilligung (Verkehrsdaten).\r\n<h3>Informationssicherheit und zur Verhinderung von Missbrauch von Diensten<\/h3>\r\nWir verarbeiten Daten, um die Sicherheit all unserer Dienste und Kommunikationsnetze zu gew\u00e4hrleisten und um verschiedene Arten der rechtswidrigen Nutzung oder einer Nutzung, die anderweitig gegen die Bedingungen des Dienstes verst\u00f6\u00dft, zu erkennen oder zu verhindern. Wir verarbeiten diese Informationen au\u00dferdem, um Missbrauch von Netzen und Diensten zu verhindern sowie Betrug, Virusangriffe usw. zu erkennen und zu verhindern. \r\n\r\nRechtsgrundlage: Vertragserf\u00fcllung (Kundendaten) und rechtliche Verpflichtung (Verkehrsdaten).\r\n<h3>Einhaltung von Gesetzen<\/h3>\r\nWir verarbeiten Daten, um unsere gesetzlichen Verpflichtungen zu erf\u00fcllen.\r\n\r\nRechtsgrundlage: rechtliche Verpflichtung\r\n<h2>Wie lange wir Daten speichern<\/h2>\r\nWir speichern Daten niemals l\u00e4nger, als wir sie ben\u00f6tigen. Einige Daten werden sofort gel\u00f6scht, andere werden je nach Verwendungszweck der Informationen und unseren gesetzlichen Verpflichtungen unterschiedlich lange gespeichert. \r\n\r\nKundendaten werden so lange gespeichert, wie Sie Kunde bei Byggdagboken sind, und danach h\u00f6chstens 24 Monate nach Beendigung des Vertragsverh\u00e4ltnisses. Ausnahmen gelten f\u00fcr Unterlagen, die gesetzlich aufzubewahren sind, z. B. nach dem Buchf\u00fchrungsgesetz.  \r\n\r\nWir speichern auch Verkehrsdaten, um Ihnen helfen zu k\u00f6nnen, wenn mit den von uns bereitgestellten Diensten etwas nicht stimmt. Damit wir kontinuierlich bessere Dienste entsprechend den Bed\u00fcrfnissen unserer Kunden anbieten k\u00f6nnen, speichern wir au\u00dferdem Statistiken auf Grundlage dieser Informationen. Diese Daten werden 6\u201324 Monate gespeichert.  \r\n\r\nUm Ihnen attraktive Marktangebote entsprechend Ihren Bed\u00fcrfnissen anbieten zu k\u00f6nnen, speichern wir bestimmte Daten. Wir speichern die Informationen 36 Monate lang. \r\n\r\nUm Sch\u00e4den zu begrenzen und Sie vor Internetbetrug zu sch\u00fctzen, speichern wir IP-Adressen, damit wir Adressen und Nachrichten nachverfolgen, blockieren und entfernen k\u00f6nnen. So wird die Verbreitung von Viren, Spam und Trojanern verhindert. Dynamische IP-Adressen im Festnetz werden 6 Monate gespeichert, dynamische IP-Adressen im Mobilfunknetz werden 100 Tage gespeichert.  \r\n<h2>An wen geben wir Daten weiter<\/h2>\r\nWir k\u00f6nnen Ihre Daten weitergeben an:\r\n\r\nUnterauftragnehmer und andere Unternehmen innerhalb von Byggdagboken, die Daten in unserem Auftrag verarbeiten.\r\n\r\nIn verschiedenen Bereichen beauftragen wir Lieferanten und in einigen F\u00e4llen auch eigene Unternehmen innerhalb des Konzerns, um unsere Dienste liefern zu k\u00f6nnen. Das bedeutet, dass auch diese bestimmte Informationen \u00fcber Sie als Kunden ben\u00f6tigen. Diese Parteien d\u00fcrfen Ihre Daten jedoch nicht f\u00fcr andere Zwecke verwenden als zur Bereitstellung des Dienstes oder zu den von uns festgelegten Bedingungen.  \r\n<h3>\u00dcbermittlung in Drittl\u00e4nder<\/h3>\r\nEinige Lieferanten k\u00f6nnen Teile ihrer T\u00e4tigkeit in L\u00e4ndern au\u00dferhalb Schwedens oder der EU\/des EWR (sogenannte \u201eDrittl\u00e4nder\u201c) haben. Wenn wir zur Bereitstellung des Dienstes f\u00fcr Sie Ihre Daten an einen Lieferanten in einem solchen Drittland \u00fcbermitteln, ergreifen wir geeignete Schutzma\u00dfnahmen und stellen sicher, dass die \u00fcbermittelten Daten gem\u00e4\u00df geltendem Recht verarbeitet werden. Zum einen gibt es bestimmte L\u00e4nder, f\u00fcr die die EU-Kommission entschieden hat, dass sie das erforderliche Schutzniveau f\u00fcr personenbezogene Daten erf\u00fcllen; zum anderen schlie\u00dfen wir regelm\u00e4\u00dfig Vertr\u00e4ge mit unseren Lieferanten, die sie verpflichten, von der EU-Kommission genehmigte Klauseln zum Schutz der Privatsph\u00e4re anzuwenden.  \r\n<ul>\r\n \t<li>Die Liste der von der EU-Kommission anerkannten Drittl\u00e4nder <a href=\"http:\/\/ec.europa.eu\/justice\/data-protection\/international-transfers\/adequacy\/index_en.htm\" target=\"_blank\" rel=\"noopener\">finden Sie hier.<\/a><\/li>\r\n \t<li>Die Standardvertragsklauseln der EU-Kommission <a href=\"http:\/\/eur-lex.europa.eu\/legal-content\/SV\/TXT\/HTML\/?uri=CELEX:32010D0087&#038;from=EN\" target=\"_blank\" rel=\"noopener\">finden Sie hier.<\/a><\/li>\r\n \t<li>Die Seite der Datenschutzbeh\u00f6rde zur \u00dcbermittlung von Daten in Drittl\u00e4nder <a href=\"https:\/\/www.datainspektionen.se\/om-oss\/internationellt-arbete\/tredjelandsoverforing\/\" target=\"_blank\" rel=\"noopener\">finden Sie hier.<\/a><\/li>\r\n<\/ul>\r\n<h3>Beh\u00f6rden<\/h3>\r\nWir sind verpflichtet, auf gesetzliche Anfrage und aufgrund beh\u00f6rdlicher Entscheidungen die in der Entscheidung genannten Daten herauszugeben \u2013 z. B. an die Polizei. \r\n<h2>Wie wir Ihre Daten sch\u00fctzen<\/h2>\r\nWir arbeiten kontinuierlich daran, die Privatsph\u00e4re unserer Kunden zu sch\u00fctzen. Unsere Sicherheitsarbeit umfasst den Schutz von Personen, Informationen, IT-Infrastruktur, internen und \u00f6ffentlichen Netzen sowie B\u00fcrogeb\u00e4uden und technischen Anlagen. \r\n\r\nBesondere Aufmerksamkeit gilt der Informationssicherheit in Bezug auf Ihre Daten, um zu verhindern, zu unterbinden und zu erkennen, dass sie an Dritte gelangen oder verloren gehen. Zugriff auf Ihre Daten erhalten nur diejenigen, die ihn f\u00fcr ihre Arbeitsaufgaben ben\u00f6tigen. Die Verarbeitung von Daten wird protokolliert und systematisch kontrolliert. Die Verschl\u00fcsselung von Daten erfolgt mit allgemein anerkannten und sicheren Verschl\u00fcsselungsmethoden. Wir arbeiten kontinuierlich an der Bek\u00e4mpfung von Spam und Viren in unseren Netzen.    \r\n<h2>Sie bestimmen \u00fcber Ihre Daten<\/h2>\r\nEinige Verarbeitungen von Daten beruhen darauf, dass wir Ihre Zustimmung haben, eine sogenannte Einwilligung. Sie bestimmen jederzeit, welcher Verarbeitung Sie zustimmen und ob Sie Ihre Einwilligung widerrufen m\u00f6chten.  <a href=\"https:\/\/byggdagboken.se\/sekretesspolicy-privacy-policy\/gdpr-formular\/\">Hier erfahren Sie, wie das geht.<\/a>\r\n\r\nHinweis! Um Dienste und Produkte bereitstellen zu k\u00f6nnen, m\u00fcssen wir Ihre Daten verarbeiten und verwalten. Sie sind jedoch nicht verpflichtet, uns Ihre Daten zur Verf\u00fcgung zu stellen. Wenn Sie sich dagegen entscheiden, ist es nicht sicher, dass wir Ihnen alle unsere Produkte und Dienste bereitstellen k\u00f6nnen.   \r\n\r\n<a href=\"https:\/\/byggdagboken.se\/sekretesspolicy-privacy-policy\/gdpr-formular\/\">Klicken Sie hier, um Ihre Daten anzufordern oder zu l\u00f6schen. <\/a>\r\n\r\n&nbsp;\t\t\t\t\t\t\t\t<\/div>\n\t\t\t\t\t<\/div>\n\t\t\t\t<\/div>\n\t\t\t\t<\/div>\n\t\t","protected":false},"excerpt":{"rendered":"<p>Die nachstehende Datenschutzerkl\u00e4rung gilt ab dem 25. Mai 2018. Daten sind Informationen, die wir \u00fcber Sie haben und \u00fcber Sie erheben sowie dar\u00fcber, wie Sie unsere Dienste nutzen \u2013 damit wir Ihnen wirklich gute Erlebnisse, Dienste und Angebote bieten k\u00f6nnen. Hier erfahren Sie: Welche Arten von Daten wir erheben Wie wir Daten erheben Wof\u00fcr wir [&hellip;]<\/p>\n","protected":false},"author":1,"featured_media":0,"parent":0,"menu_order":43,"comment_status":"closed","ping_status":"closed","template":"elementor_header_footer","meta":{"_acf_changed":false,"footnotes":""},"class_list":["post-11535","page","type-page","status-publish","hentry"],"acf":[],"yoast_head":"<!-- This site is optimized with the Yoast SEO plugin v27.5 - https:\/\/yoast.com\/product\/yoast-seo-wordpress\/ -->\n<title>Datenschutzerkl\u00e4rung - Byggdagboken<\/title>\n<meta name=\"robots\" content=\"index, follow, max-snippet:-1, max-image-preview:large, max-video-preview:-1\" \/>\n<link rel=\"canonical\" href=\"https:\/\/www.byggdagboken.se\/de\/datenschutzerklaerung\/\" \/>\n<meta property=\"og:locale\" content=\"de_DE\" \/>\n<meta property=\"og:type\" content=\"article\" \/>\n<meta property=\"og:title\" content=\"Datenschutzerkl\u00e4rung - Byggdagboken\" \/>\n<meta property=\"og:description\" content=\"Die nachstehende Datenschutzerkl\u00e4rung gilt ab dem 25. Mai 2018. Daten sind Informationen, die wir \u00fcber Sie haben und \u00fcber Sie erheben sowie dar\u00fcber, wie Sie unsere Dienste nutzen \u2013 damit wir Ihnen wirklich gute Erlebnisse, Dienste und Angebote bieten k\u00f6nnen. Hier erfahren Sie: Welche Arten von Daten wir erheben Wie wir Daten erheben Wof\u00fcr wir [&hellip;]\" \/>\n<meta property=\"og:url\" content=\"https:\/\/www.byggdagboken.se\/de\/datenschutzerklaerung\/\" \/>\n<meta property=\"og:site_name\" content=\"Byggdagboken\" \/>\n<meta property=\"article:modified_time\" content=\"2026-04-30T09:57:20+00:00\" \/>\n<meta name=\"twitter:card\" content=\"summary_large_image\" \/>\n<meta name=\"twitter:label1\" content=\"Gesch\u00e4tzte Lesezeit\" \/>\n\t<meta name=\"twitter:data1\" content=\"7\u00a0Minuten\" \/>\n<script type=\"application\/ld+json\" class=\"yoast-schema-graph\">{\"@context\":\"https:\\\/\\\/schema.org\",\"@graph\":[{\"@type\":\"WebPage\",\"@id\":\"https:\\\/\\\/www.byggdagboken.se\\\/de\\\/datenschutzerklaerung\\\/\",\"url\":\"https:\\\/\\\/www.byggdagboken.se\\\/de\\\/datenschutzerklaerung\\\/\",\"name\":\"Datenschutzerkl\u00e4rung - Byggdagboken\",\"isPartOf\":{\"@id\":\"https:\\\/\\\/www.byggdagboken.se\\\/de\\\/#website\"},\"datePublished\":\"2025-05-23T08:52:55+00:00\",\"dateModified\":\"2026-04-30T09:57:20+00:00\",\"breadcrumb\":{\"@id\":\"https:\\\/\\\/www.byggdagboken.se\\\/de\\\/datenschutzerklaerung\\\/#breadcrumb\"},\"inLanguage\":\"de\",\"potentialAction\":[{\"@type\":\"ReadAction\",\"target\":[\"https:\\\/\\\/www.byggdagboken.se\\\/de\\\/datenschutzerklaerung\\\/\"]}]},{\"@type\":\"BreadcrumbList\",\"@id\":\"https:\\\/\\\/www.byggdagboken.se\\\/de\\\/datenschutzerklaerung\\\/#breadcrumb\",\"itemListElement\":[{\"@type\":\"ListItem\",\"position\":1,\"name\":\"Hem\",\"item\":\"https:\\\/\\\/www.byggdagboken.se\\\/de\\\/\"},{\"@type\":\"ListItem\",\"position\":2,\"name\":\"Datenschutzerkl\u00e4rung\"}]},{\"@type\":\"WebSite\",\"@id\":\"https:\\\/\\\/www.byggdagboken.se\\\/de\\\/#website\",\"url\":\"https:\\\/\\\/www.byggdagboken.se\\\/de\\\/\",\"name\":\"Byggdagboken\",\"description\":\"Koll med ett klick\",\"publisher\":{\"@id\":\"https:\\\/\\\/www.byggdagboken.se\\\/de\\\/#organization\"},\"potentialAction\":[{\"@type\":\"SearchAction\",\"target\":{\"@type\":\"EntryPoint\",\"urlTemplate\":\"https:\\\/\\\/www.byggdagboken.se\\\/de\\\/?s={search_term_string}\"},\"query-input\":{\"@type\":\"PropertyValueSpecification\",\"valueRequired\":true,\"valueName\":\"search_term_string\"}}],\"inLanguage\":\"de\"},{\"@type\":\"Organization\",\"@id\":\"https:\\\/\\\/www.byggdagboken.se\\\/de\\\/#organization\",\"name\":\"Byggdagboken\",\"url\":\"https:\\\/\\\/www.byggdagboken.se\\\/de\\\/\",\"logo\":{\"@type\":\"ImageObject\",\"inLanguage\":\"de\",\"@id\":\"https:\\\/\\\/www.byggdagboken.se\\\/de\\\/#\\\/schema\\\/logo\\\/image\\\/\",\"url\":\"https:\\\/\\\/www.byggdagboken.se\\\/wp-content\\\/uploads\\\/2025\\\/05\\\/Byggdagboken_Liggande_Shop-1.svg\",\"contentUrl\":\"https:\\\/\\\/www.byggdagboken.se\\\/wp-content\\\/uploads\\\/2025\\\/05\\\/Byggdagboken_Liggande_Shop-1.svg\",\"width\":606,\"height\":179,\"caption\":\"Byggdagboken\"},\"image\":{\"@id\":\"https:\\\/\\\/www.byggdagboken.se\\\/de\\\/#\\\/schema\\\/logo\\\/image\\\/\"}}]}<\/script>\n<!-- \/ Yoast SEO plugin. -->","yoast_head_json":{"title":"Datenschutzerkl\u00e4rung - Byggdagboken","robots":{"index":"index","follow":"follow","max-snippet":"max-snippet:-1","max-image-preview":"max-image-preview:large","max-video-preview":"max-video-preview:-1"},"canonical":"https:\/\/www.byggdagboken.se\/de\/datenschutzerklaerung\/","og_locale":"de_DE","og_type":"article","og_title":"Datenschutzerkl\u00e4rung - Byggdagboken","og_description":"Die nachstehende Datenschutzerkl\u00e4rung gilt ab dem 25. Mai 2018. Daten sind Informationen, die wir \u00fcber Sie haben und \u00fcber Sie erheben sowie dar\u00fcber, wie Sie unsere Dienste nutzen \u2013 damit wir Ihnen wirklich gute Erlebnisse, Dienste und Angebote bieten k\u00f6nnen. Hier erfahren Sie: Welche Arten von Daten wir erheben Wie wir Daten erheben Wof\u00fcr wir [&hellip;]","og_url":"https:\/\/www.byggdagboken.se\/de\/datenschutzerklaerung\/","og_site_name":"Byggdagboken","article_modified_time":"2026-04-30T09:57:20+00:00","twitter_card":"summary_large_image","twitter_misc":{"Gesch\u00e4tzte Lesezeit":"7\u00a0Minuten"},"schema":{"@context":"https:\/\/schema.org","@graph":[{"@type":"WebPage","@id":"https:\/\/www.byggdagboken.se\/de\/datenschutzerklaerung\/","url":"https:\/\/www.byggdagboken.se\/de\/datenschutzerklaerung\/","name":"Datenschutzerkl\u00e4rung - Byggdagboken","isPartOf":{"@id":"https:\/\/www.byggdagboken.se\/de\/#website"},"datePublished":"2025-05-23T08:52:55+00:00","dateModified":"2026-04-30T09:57:20+00:00","breadcrumb":{"@id":"https:\/\/www.byggdagboken.se\/de\/datenschutzerklaerung\/#breadcrumb"},"inLanguage":"de","potentialAction":[{"@type":"ReadAction","target":["https:\/\/www.byggdagboken.se\/de\/datenschutzerklaerung\/"]}]},{"@type":"BreadcrumbList","@id":"https:\/\/www.byggdagboken.se\/de\/datenschutzerklaerung\/#breadcrumb","itemListElement":[{"@type":"ListItem","position":1,"name":"Hem","item":"https:\/\/www.byggdagboken.se\/de\/"},{"@type":"ListItem","position":2,"name":"Datenschutzerkl\u00e4rung"}]},{"@type":"WebSite","@id":"https:\/\/www.byggdagboken.se\/de\/#website","url":"https:\/\/www.byggdagboken.se\/de\/","name":"Byggdagboken","description":"Koll med ett klick","publisher":{"@id":"https:\/\/www.byggdagboken.se\/de\/#organization"},"potentialAction":[{"@type":"SearchAction","target":{"@type":"EntryPoint","urlTemplate":"https:\/\/www.byggdagboken.se\/de\/?s={search_term_string}"},"query-input":{"@type":"PropertyValueSpecification","valueRequired":true,"valueName":"search_term_string"}}],"inLanguage":"de"},{"@type":"Organization","@id":"https:\/\/www.byggdagboken.se\/de\/#organization","name":"Byggdagboken","url":"https:\/\/www.byggdagboken.se\/de\/","logo":{"@type":"ImageObject","inLanguage":"de","@id":"https:\/\/www.byggdagboken.se\/de\/#\/schema\/logo\/image\/","url":"https:\/\/www.byggdagboken.se\/wp-content\/uploads\/2025\/05\/Byggdagboken_Liggande_Shop-1.svg","contentUrl":"https:\/\/www.byggdagboken.se\/wp-content\/uploads\/2025\/05\/Byggdagboken_Liggande_Shop-1.svg","width":606,"height":179,"caption":"Byggdagboken"},"image":{"@id":"https:\/\/www.byggdagboken.se\/de\/#\/schema\/logo\/image\/"}}]}},"_links":{"self":[{"href":"https:\/\/www.byggdagboken.se\/de\/wp-json\/wp\/v2\/pages\/11535","targetHints":{"allow":["GET"]}}],"collection":[{"href":"https:\/\/www.byggdagboken.se\/de\/wp-json\/wp\/v2\/pages"}],"about":[{"href":"https:\/\/www.byggdagboken.se\/de\/wp-json\/wp\/v2\/types\/page"}],"author":[{"embeddable":true,"href":"https:\/\/www.byggdagboken.se\/de\/wp-json\/wp\/v2\/users\/1"}],"replies":[{"embeddable":true,"href":"https:\/\/www.byggdagboken.se\/de\/wp-json\/wp\/v2\/comments?post=11535"}],"version-history":[{"count":2,"href":"https:\/\/www.byggdagboken.se\/de\/wp-json\/wp\/v2\/pages\/11535\/revisions"}],"predecessor-version":[{"id":11537,"href":"https:\/\/www.byggdagboken.se\/de\/wp-json\/wp\/v2\/pages\/11535\/revisions\/11537"}],"wp:attachment":[{"href":"https:\/\/www.byggdagboken.se\/de\/wp-json\/wp\/v2\/media?parent=11535"}],"curies":[{"name":"wp","href":"https:\/\/api.w.org\/{rel}","templated":true}]}}