{"id":11559,"date":"2025-05-23T10:49:14","date_gmt":"2025-05-23T08:49:14","guid":{"rendered":"https:\/\/www.byggdagboken.se\/allgemeine-geschaeftsbedingungen\/"},"modified":"2026-04-30T12:43:37","modified_gmt":"2026-04-30T10:43:37","slug":"allgemeine-geschaeftsbedingungen","status":"publish","type":"page","link":"https:\/\/www.byggdagboken.se\/de\/allgemeine-geschaeftsbedingungen\/","title":{"rendered":"Allgemeine Gesch\u00e4ftsbedingungen"},"content":{"rendered":"\t\t<div data-elementor-type=\"wp-page\" data-elementor-id=\"11559\" class=\"elementor elementor-11559 elementor-196\" data-elementor-post-type=\"page\">\n\t\t\t\t<div class=\"elementor-element elementor-element-29af391f e-flex e-con-boxed e-con e-parent\" data-id=\"29af391f\" data-element_type=\"container\" data-e-type=\"container\" data-settings=\"{&quot;background_background&quot;:&quot;classic&quot;}\">\n\t\t\t\t\t<div class=\"e-con-inner\">\n\t\t\t\t<div class=\"elementor-element elementor-element-7e432969 elementor-widget elementor-widget-heading\" data-id=\"7e432969\" data-element_type=\"widget\" data-e-type=\"widget\" data-widget_type=\"heading.default\">\n\t\t\t\t\t<h2 class=\"elementor-heading-title elementor-size-default\">ALLGEMEINE GESCH\u00c4FTSBEDINGUNGEN<\/h2>\t\t\t\t<\/div>\n\t\t\t\t<div class=\"elementor-element elementor-element-41f61d18 elementor-widget elementor-widget-text-editor\" data-id=\"41f61d18\" data-element_type=\"widget\" data-e-type=\"widget\" data-widget_type=\"text-editor.default\">\n\t\t\t\t\t\t\t\t\t<p><span data-metadata=\"\"><\/span><span data-buffer=\"\"><\/span><span><strong>1. Allgemeines<\/strong><br\/>Diese Bedingungen gelten f\u00fcr Vertr\u00e4ge zwischen Byggdagboken Sverige AB, Reg.-Nr. 556745-3112 (\u201eByggdagboken\u201c), und dem Kunden \u00fcber die bereitgestellten Dienstleistungen gem\u00e4\u00df den in der Auftragsbest\u00e4tigung spezifizierten Leistungen und der Anzahl der Nutzer (\u201eder Dienst\u201c), die Byggdagboken dem Kunden \u00fcbermittelt hat.<\/span><\/p><p><span><strong>2. Vertrag \u00fcber den Dienst<\/strong><br\/>Zwischen Byggdagboken und dem Kunden gilt ein Vertrag (\u201eder Vertrag\u201c) \u00fcber den Dienst als geschlossen, sobald der Kunde die Auftragsbest\u00e4tigung genehmigt, die Rechnung f\u00fcr den Dienst an Byggdagboken bezahlt, sich beim Dienst anmeldet oder anderweitig beginnt, den Dienst zu nutzen, oder den Dienst auf andere Weise akzeptiert.<\/span><\/p><p><span><strong>3. Erweiterung und Upgrade des Dienstes<\/strong><br\/>Der Kunde kann w\u00e4hrend der Vertragslaufzeit w\u00e4hlen, die Anzahl der Nutzer zu erh\u00f6hen oder den Dienst auf einen der alternativen Dienste zu upgraden, die Byggdagboken anbietet, sofern der Kunde eine Zahlung in H\u00f6he der Mehrkosten f\u00fcr den upgegradeten Dienst f\u00fcr die verbleibende Vertragslaufzeit leistet.<br\/>Wenn der Kunde die Anzahl der Nutzer im Vergleich zu den Angaben in der Auftragsbest\u00e4tigung erh\u00f6ht, wird dem Kunden diese zus\u00e4tzlichen Nutzer ab dem Zeitpunkt in Rechnung gestellt, zu dem der Kunde mit den neuen Benutzernamen und Passw\u00f6rtern Zugang zum Dienst erhalten hat.<\/span><\/p><p><span><strong>4. Preis und Zahlung<\/strong><br\/>Der Preis f\u00fcr den Dienst basiert auf der vom Kunden gew\u00e4hlten Anzahl der Nutzer. Als Nutzer gilt jeder eindeutige Benutzername mit Passwort, den der Kunde erhalten hat, um Zugang zum Dienst zu erhalten. Jede nat\u00fcrliche Person, die den Dienst nutzen soll, muss \u00fcber einen eigenen Benutzernamen und ein eigenes Passwort verf\u00fcgen.<br\/>Die Zahlung f\u00fcr den Dienst ist j\u00e4hrlich im Voraus nach Genehmigung der Auftragsbest\u00e4tigung und gegen Rechnung mit einer Zahlungsfrist von 20 Tagen zu leisten.<br\/>Wenn der Kunde eine monatliche\/viertelj\u00e4hrliche Rechnungsstellung und eine monatliche\/viertelj\u00e4hrliche Vorauszahlung w\u00e4hlt, ist Byggdagboken berechtigt, einen Zuschlag von 10 % zu berechnen, basierend auf dem Preis f\u00fcr den Dienst gem\u00e4\u00df der Auftragsbest\u00e4tigung sowie bei Erweiterung und Upgrade des Dienstes auf dem Preis des erweiterten und\/oder upgegradeten Dienstes.  <\/span><\/p><p><span>Es f\u00e4llt eine Avisierungsgeb\u00fchr von 50 Kronen an.<\/span><\/p><p><span>Unabh\u00e4ngig vom Grund, aus dem der Kunde nicht fristgerecht zahlt, ist Byggdagboken berechtigt, seine Leistung zur\u00fcckzuhalten.<\/span><\/p><p><span>Bei Zahlungsverzug werden Verzugszinsen gem\u00e4\u00df \u00a7 6 des Zinsgesetzes (1975:635) berechnet.<\/span><\/p><p><span><strong>5. Datenschutzrichtlinie<\/strong><br\/>Byggdagboken verarbeitet personenbezogene Daten gem\u00e4\u00df der Datenschutz-Grundverordnung (DSGVO). Byggdagboken verarbeitet personenbezogene Daten, um Kunden und Nutzer zu identifizieren, Bestellungen gem\u00e4\u00df dem Vertrag zu verwalten und zu liefern sowie den Dienst bereitzustellen. Byggdagboken verarbeitet personenbezogene Daten au\u00dferdem, um die Dienste zu berechnen, f\u00fcr Rechnungsstellung und Zahlungen, um Fehler zu beheben und andere Vorf\u00e4lle zu bearbeiten sowie um Beschwerden und Reklamationen zu bearbeiten. Weitere Informationen dar\u00fcber, wie wir personenbezogene Daten und Daten verwenden, finden Sie auf unserer Website*.   <\/span><\/p><p><span><strong>6. Schwedisches Recht &#038; DSGVO<\/strong><br\/>Durch die Genehmigung des Vertrags erkl\u00e4rt sich der Kunde damit einverstanden, schwedisches Recht sowie die Datenschutzrichtlinie von Byggdagboken* einzuhalten.<\/span><\/p><p><span><strong>7. Vertragslaufzeit und K\u00fcndigung<\/strong><br\/>Der Vertrag gilt ab dem Tag, an dem der Vertrag geschlossen wird, und hat anschlie\u00dfend eine Vertragslaufzeit von 12 Monaten (\u201eVertragslaufzeit\u201c). Wird der Vertrag nicht vom Kunden sp\u00e4testens 3 Monate vor Ablauf der Vertragslaufzeit schriftlich an uppsagning@byggdagboken.se gek\u00fcndigt, verl\u00e4ngert sich die Vertragslaufzeit jeweils um 12 Monate bei einer K\u00fcndigungsfrist von drei Monaten. <\/span><\/p><p><span>Byggdagboken ist berechtigt, den Vertrag mit sofortiger Wirkung zu k\u00fcndigen und die Zahlung f\u00fcr die verbleibende Vertragslaufzeit zu verlangen, wenn der Kunde;<\/span><\/p><p><span>a) eine wesentliche Vertragsverletzung begeht; oder<\/span><\/p><p><span>b) seine Zahlungen einstellt, Verhandlungen \u00fcber eine Einigung mit seinen Gl\u00e4ubigern aufnimmt, Gegenstand eines Insolvenzantrags wird, einen Antrag auf Unternehmensrekonstruktion oder einen Vergleich o. \u00c4. stellt, in Liquidation tritt oder ein Verwalter f\u00fcr alle oder Teile der Verm\u00f6genswerte der Partei bestellt wird.<\/span><\/p><p><span>Wenn der Kunde w\u00e4hrend der Vertragslaufzeit die Anzahl der Nutzer erh\u00f6ht und\/oder den Dienst upgradet, unterliegen diese zus\u00e4tzlichen Nutzer und der upgegradete Dienst der vereinbarten laufenden Vertragslaufzeit.<\/span><\/p><p><span>Wenn der Kunde den Vertrag k\u00fcndigt oder anderweitig beendet, bevor die laufende Vertragslaufzeit abgelaufen ist, ist der Kunde verpflichtet, die Zahlung f\u00fcr den verbleibenden Teil der Vertragslaufzeit zu leisten.<\/span><\/p><p><span><strong>8. Installation und Nutzung der Dienste<\/strong><br\/>Das System von Byggdagboken und alle Daten werden zentral auf einem Server gespeichert. Beim Kunden werden keine Daten installiert oder gespeichert, au\u00dfer vor\u00fcbergehend und\/oder soweit dies erforderlich ist. <\/span><\/p><p><span><strong>9. Urheberrechte<\/strong><br\/>Byggdagboken ist Inhaber aller Urheberrechte an den Diensten und den dazugeh\u00f6rigen Systemen oder verf\u00fcgt \u00fcber die Erlaubnis, die Urheberrechte Dritter zu nutzen, soweit dies erforderlich ist.<\/span><\/p><p><span><strong>10. \u00dcbertragung<\/strong><br\/>Der Kunde ist nicht berechtigt, ohne die schriftliche Zustimmung von Byggdagboken seine Rechte oder Pflichten aus dem Vertrag ganz oder teilweise an Dritte zu \u00fcbertragen oder zu verpf\u00e4nden oder Dritten auf andere Weise Zugang zu einem von Byggdagboken bereitgestellten Dienst zu gew\u00e4hren.<\/span><\/p><p><span><strong>11. \u00c4nderungen und Erg\u00e4nzungen<\/strong><br\/>Byggdagboken ist berechtigt, die Bedingungen dieser Allgemeinen Gesch\u00e4ftsbedingungen sowie die jeweils geltenden Preise f\u00fcr den Dienst zu \u00e4ndern.<\/span><\/p><p><span><strong>12. Indexanpassung<\/strong><br\/>Der vereinbarte Betrag ist jedes Jahr zum 1. Januar anhand des Verh\u00e4ltnisses zwischen den Indexzahlen der Vergleichsmonate September (AKI) bzw. Oktober (ITPI) des Vorjahres und dem Index f\u00fcr den Basismonat Februar 2008 anzupassen.<\/span><\/p><p><span><strong>13. Haftungsbeschr\u00e4nkung<\/strong><br\/>Byggdagboken haftet nicht f\u00fcr Fehler, Unterbrechungen oder Betriebsst\u00f6rungen des Dienstes, was z. B. bedeutet, dass der Kunde aufgrund \u00e4u\u00dferer Umst\u00e4nde, die Byggdagboken nicht beeinflussen kann, keinen Zugang zum Dienst oder zu den Zusatzdiensten erh\u00e4lt. Solche Umst\u00e4nde k\u00f6nnen z. B. (aber nicht ausschlie\u00dflich) Hardware- oder Softwareprobleme oder Strom- oder Internetausf\u00e4lle sein.   <\/span><\/p><p><span>Bei solchen Unterbrechungen wird dem Kunden keine Entsch\u00e4digung gezahlt.<\/span><\/p><p><span>Byggdagboken haftet nicht f\u00fcr Personen-, Sach- oder Verm\u00f6genssch\u00e4den, die direkt oder indirekt im Zusammenhang mit der Nutzung des Dienstes entstehen.<\/span><\/p><p><span>Eine Entsch\u00e4digung, auf die der Kunde gegen\u00fcber Byggdagboken Anspruch hat, kann unabh\u00e4ngig von der Grundlage des Anspruchs niemals die vom Kunden gezahlte Geb\u00fchr \u00fcbersteigen.<\/span><\/p><p><span><strong>14. H\u00f6here Gewalt<\/strong><br\/>Byggdagboken ist von Sanktionen wegen Nichterf\u00fcllung seiner Verpflichtungen aus dem Vertrag befreit, wenn die Nichterf\u00fcllung auf Umst\u00e4nde zur\u00fcckzuf\u00fchren ist, die au\u00dferhalb der Kontrolle von Byggdagboken liegen und die Byggdagboken zum Zeitpunkt des Vertragsschlusses nicht vorhersehen konnte oder vern\u00fcnftigerweise h\u00e4tte vorhersehen m\u00fcssen, z. B. Krieg, B\u00fcrgerkrieg, Brand, \u00dcberschwemmung, Unterbrechung der \u00f6ffentlichen Kommunikationswege, Unterbrechung der allgemeinen Energieversorgung oder vergleichbare Umst\u00e4nde. <\/span><\/p><p><span>Wenn Byggdagboken seine Verpflichtungen gest\u00fctzt auf den ersten Absatz aussetzt, verl\u00e4ngert sich die Erf\u00fcllungsfrist um die durch den Umstand verursachte Zeit.<\/span><\/p><p><span><strong>15. Streitigkeit<\/strong><br\/>Streitigkeiten im Zusammenhang mit diesem Vertrag sind in erster Linie durch Mediation der von den Parteien benannten Vertreter zu l\u00f6sen. Kommt keine Einigung zustande, wird die Streitigkeit endg\u00fcltig von einem schwedischen Gericht unter Anwendung schwedischen Rechts entschieden. <\/span><\/p><p><span style=\"text-decoration: underline;\"><strong>byggdagboken.se\/integritetspolicy<\/strong><\/span><\/p>\t\t\t\t\t\t\t\t<\/div>\n\t\t\t\t\t<\/div>\n\t\t\t\t<\/div>\n\t\t\t\t<\/div>\n\t\t","protected":false},"excerpt":{"rendered":"<p>ALLGEMEINE GESCH\u00c4FTSBEDINGUNGEN 1. AllgemeinesDiese Bedingungen gelten f\u00fcr Vertr\u00e4ge zwischen Byggdagboken Sverige AB, Reg.-Nr. 556745-3112 (\u201eByggdagboken\u201c), und dem Kunden \u00fcber die bereitgestellten Dienstleistungen gem\u00e4\u00df den in der Auftragsbest\u00e4tigung spezifizierten Leistungen und der Anzahl der Nutzer (\u201eder Dienst\u201c), die Byggdagboken dem Kunden \u00fcbermittelt hat. 2. Vertrag \u00fcber den DienstZwischen Byggdagboken und dem Kunden gilt ein Vertrag (\u201eder [&hellip;]<\/p>\n","protected":false},"author":1,"featured_media":0,"parent":0,"menu_order":45,"comment_status":"closed","ping_status":"closed","template":"elementor_header_footer","meta":{"_acf_changed":false,"footnotes":""},"class_list":["post-11559","page","type-page","status-publish","hentry"],"acf":[],"yoast_head":"<!-- This site is optimized with the Yoast SEO plugin v27.5 - https:\/\/yoast.com\/product\/yoast-seo-wordpress\/ -->\n<title>Allgemeine Gesch\u00e4ftsbedingungen - Byggdagboken<\/title>\n<meta name=\"robots\" content=\"index, follow, max-snippet:-1, max-image-preview:large, max-video-preview:-1\" \/>\n<link rel=\"canonical\" href=\"https:\/\/www.byggdagboken.se\/de\/allgemeine-geschaeftsbedingungen\/\" \/>\n<meta property=\"og:locale\" content=\"de_DE\" \/>\n<meta property=\"og:type\" content=\"article\" \/>\n<meta property=\"og:title\" content=\"Allgemeine Gesch\u00e4ftsbedingungen - Byggdagboken\" \/>\n<meta property=\"og:description\" content=\"ALLGEMEINE GESCH\u00c4FTSBEDINGUNGEN 1. AllgemeinesDiese Bedingungen gelten f\u00fcr Vertr\u00e4ge zwischen Byggdagboken Sverige AB, Reg.-Nr. 556745-3112 (\u201eByggdagboken\u201c), und dem Kunden \u00fcber die bereitgestellten Dienstleistungen gem\u00e4\u00df den in der Auftragsbest\u00e4tigung spezifizierten Leistungen und der Anzahl der Nutzer (\u201eder Dienst\u201c), die Byggdagboken dem Kunden \u00fcbermittelt hat. 2. Vertrag \u00fcber den DienstZwischen Byggdagboken und dem Kunden gilt ein Vertrag (\u201eder [&hellip;]\" \/>\n<meta property=\"og:url\" content=\"https:\/\/www.byggdagboken.se\/de\/allgemeine-geschaeftsbedingungen\/\" \/>\n<meta property=\"og:site_name\" content=\"Byggdagboken\" \/>\n<meta property=\"article:modified_time\" content=\"2026-04-30T10:43:37+00:00\" \/>\n<meta name=\"twitter:card\" content=\"summary_large_image\" \/>\n<meta name=\"twitter:label1\" content=\"Gesch\u00e4tzte Lesezeit\" \/>\n\t<meta name=\"twitter:data1\" content=\"5\u00a0Minuten\" \/>\n<script type=\"application\/ld+json\" class=\"yoast-schema-graph\">{\"@context\":\"https:\\\/\\\/schema.org\",\"@graph\":[{\"@type\":\"WebPage\",\"@id\":\"https:\\\/\\\/www.byggdagboken.se\\\/de\\\/allgemeine-geschaeftsbedingungen\\\/\",\"url\":\"https:\\\/\\\/www.byggdagboken.se\\\/de\\\/allgemeine-geschaeftsbedingungen\\\/\",\"name\":\"Allgemeine Gesch\u00e4ftsbedingungen - Byggdagboken\",\"isPartOf\":{\"@id\":\"https:\\\/\\\/www.byggdagboken.se\\\/de\\\/#website\"},\"datePublished\":\"2025-05-23T08:49:14+00:00\",\"dateModified\":\"2026-04-30T10:43:37+00:00\",\"breadcrumb\":{\"@id\":\"https:\\\/\\\/www.byggdagboken.se\\\/de\\\/allgemeine-geschaeftsbedingungen\\\/#breadcrumb\"},\"inLanguage\":\"de\",\"potentialAction\":[{\"@type\":\"ReadAction\",\"target\":[\"https:\\\/\\\/www.byggdagboken.se\\\/de\\\/allgemeine-geschaeftsbedingungen\\\/\"]}]},{\"@type\":\"BreadcrumbList\",\"@id\":\"https:\\\/\\\/www.byggdagboken.se\\\/de\\\/allgemeine-geschaeftsbedingungen\\\/#breadcrumb\",\"itemListElement\":[{\"@type\":\"ListItem\",\"position\":1,\"name\":\"Hem\",\"item\":\"https:\\\/\\\/www.byggdagboken.se\\\/de\\\/\"},{\"@type\":\"ListItem\",\"position\":2,\"name\":\"Allgemeine Gesch\u00e4ftsbedingungen\"}]},{\"@type\":\"WebSite\",\"@id\":\"https:\\\/\\\/www.byggdagboken.se\\\/de\\\/#website\",\"url\":\"https:\\\/\\\/www.byggdagboken.se\\\/de\\\/\",\"name\":\"Byggdagboken\",\"description\":\"Koll med ett klick\",\"publisher\":{\"@id\":\"https:\\\/\\\/www.byggdagboken.se\\\/de\\\/#organization\"},\"potentialAction\":[{\"@type\":\"SearchAction\",\"target\":{\"@type\":\"EntryPoint\",\"urlTemplate\":\"https:\\\/\\\/www.byggdagboken.se\\\/de\\\/?s={search_term_string}\"},\"query-input\":{\"@type\":\"PropertyValueSpecification\",\"valueRequired\":true,\"valueName\":\"search_term_string\"}}],\"inLanguage\":\"de\"},{\"@type\":\"Organization\",\"@id\":\"https:\\\/\\\/www.byggdagboken.se\\\/de\\\/#organization\",\"name\":\"Byggdagboken\",\"url\":\"https:\\\/\\\/www.byggdagboken.se\\\/de\\\/\",\"logo\":{\"@type\":\"ImageObject\",\"inLanguage\":\"de\",\"@id\":\"https:\\\/\\\/www.byggdagboken.se\\\/de\\\/#\\\/schema\\\/logo\\\/image\\\/\",\"url\":\"https:\\\/\\\/www.byggdagboken.se\\\/wp-content\\\/uploads\\\/2025\\\/05\\\/Byggdagboken_Liggande_Shop-1.svg\",\"contentUrl\":\"https:\\\/\\\/www.byggdagboken.se\\\/wp-content\\\/uploads\\\/2025\\\/05\\\/Byggdagboken_Liggande_Shop-1.svg\",\"width\":606,\"height\":179,\"caption\":\"Byggdagboken\"},\"image\":{\"@id\":\"https:\\\/\\\/www.byggdagboken.se\\\/de\\\/#\\\/schema\\\/logo\\\/image\\\/\"}}]}<\/script>\n<!-- \/ Yoast SEO plugin. -->","yoast_head_json":{"title":"Allgemeine Gesch\u00e4ftsbedingungen - Byggdagboken","robots":{"index":"index","follow":"follow","max-snippet":"max-snippet:-1","max-image-preview":"max-image-preview:large","max-video-preview":"max-video-preview:-1"},"canonical":"https:\/\/www.byggdagboken.se\/de\/allgemeine-geschaeftsbedingungen\/","og_locale":"de_DE","og_type":"article","og_title":"Allgemeine Gesch\u00e4ftsbedingungen - Byggdagboken","og_description":"ALLGEMEINE GESCH\u00c4FTSBEDINGUNGEN 1. AllgemeinesDiese Bedingungen gelten f\u00fcr Vertr\u00e4ge zwischen Byggdagboken Sverige AB, Reg.-Nr. 556745-3112 (\u201eByggdagboken\u201c), und dem Kunden \u00fcber die bereitgestellten Dienstleistungen gem\u00e4\u00df den in der Auftragsbest\u00e4tigung spezifizierten Leistungen und der Anzahl der Nutzer (\u201eder Dienst\u201c), die Byggdagboken dem Kunden \u00fcbermittelt hat. 2. Vertrag \u00fcber den DienstZwischen Byggdagboken und dem Kunden gilt ein Vertrag (\u201eder [&hellip;]","og_url":"https:\/\/www.byggdagboken.se\/de\/allgemeine-geschaeftsbedingungen\/","og_site_name":"Byggdagboken","article_modified_time":"2026-04-30T10:43:37+00:00","twitter_card":"summary_large_image","twitter_misc":{"Gesch\u00e4tzte Lesezeit":"5\u00a0Minuten"},"schema":{"@context":"https:\/\/schema.org","@graph":[{"@type":"WebPage","@id":"https:\/\/www.byggdagboken.se\/de\/allgemeine-geschaeftsbedingungen\/","url":"https:\/\/www.byggdagboken.se\/de\/allgemeine-geschaeftsbedingungen\/","name":"Allgemeine Gesch\u00e4ftsbedingungen - Byggdagboken","isPartOf":{"@id":"https:\/\/www.byggdagboken.se\/de\/#website"},"datePublished":"2025-05-23T08:49:14+00:00","dateModified":"2026-04-30T10:43:37+00:00","breadcrumb":{"@id":"https:\/\/www.byggdagboken.se\/de\/allgemeine-geschaeftsbedingungen\/#breadcrumb"},"inLanguage":"de","potentialAction":[{"@type":"ReadAction","target":["https:\/\/www.byggdagboken.se\/de\/allgemeine-geschaeftsbedingungen\/"]}]},{"@type":"BreadcrumbList","@id":"https:\/\/www.byggdagboken.se\/de\/allgemeine-geschaeftsbedingungen\/#breadcrumb","itemListElement":[{"@type":"ListItem","position":1,"name":"Hem","item":"https:\/\/www.byggdagboken.se\/de\/"},{"@type":"ListItem","position":2,"name":"Allgemeine Gesch\u00e4ftsbedingungen"}]},{"@type":"WebSite","@id":"https:\/\/www.byggdagboken.se\/de\/#website","url":"https:\/\/www.byggdagboken.se\/de\/","name":"Byggdagboken","description":"Koll med ett klick","publisher":{"@id":"https:\/\/www.byggdagboken.se\/de\/#organization"},"potentialAction":[{"@type":"SearchAction","target":{"@type":"EntryPoint","urlTemplate":"https:\/\/www.byggdagboken.se\/de\/?s={search_term_string}"},"query-input":{"@type":"PropertyValueSpecification","valueRequired":true,"valueName":"search_term_string"}}],"inLanguage":"de"},{"@type":"Organization","@id":"https:\/\/www.byggdagboken.se\/de\/#organization","name":"Byggdagboken","url":"https:\/\/www.byggdagboken.se\/de\/","logo":{"@type":"ImageObject","inLanguage":"de","@id":"https:\/\/www.byggdagboken.se\/de\/#\/schema\/logo\/image\/","url":"https:\/\/www.byggdagboken.se\/wp-content\/uploads\/2025\/05\/Byggdagboken_Liggande_Shop-1.svg","contentUrl":"https:\/\/www.byggdagboken.se\/wp-content\/uploads\/2025\/05\/Byggdagboken_Liggande_Shop-1.svg","width":606,"height":179,"caption":"Byggdagboken"},"image":{"@id":"https:\/\/www.byggdagboken.se\/de\/#\/schema\/logo\/image\/"}}]}},"_links":{"self":[{"href":"https:\/\/www.byggdagboken.se\/de\/wp-json\/wp\/v2\/pages\/11559","targetHints":{"allow":["GET"]}}],"collection":[{"href":"https:\/\/www.byggdagboken.se\/de\/wp-json\/wp\/v2\/pages"}],"about":[{"href":"https:\/\/www.byggdagboken.se\/de\/wp-json\/wp\/v2\/types\/page"}],"author":[{"embeddable":true,"href":"https:\/\/www.byggdagboken.se\/de\/wp-json\/wp\/v2\/users\/1"}],"replies":[{"embeddable":true,"href":"https:\/\/www.byggdagboken.se\/de\/wp-json\/wp\/v2\/comments?post=11559"}],"version-history":[{"count":2,"href":"https:\/\/www.byggdagboken.se\/de\/wp-json\/wp\/v2\/pages\/11559\/revisions"}],"predecessor-version":[{"id":11561,"href":"https:\/\/www.byggdagboken.se\/de\/wp-json\/wp\/v2\/pages\/11559\/revisions\/11561"}],"wp:attachment":[{"href":"https:\/\/www.byggdagboken.se\/de\/wp-json\/wp\/v2\/media?parent=11559"}],"curies":[{"name":"wp","href":"https:\/\/api.w.org\/{rel}","templated":true}]}}