{"id":11223,"date":"2025-05-23T10:52:55","date_gmt":"2025-05-23T08:52:55","guid":{"rendered":"https:\/\/www.byggdagboken.se\/personvernerklaering\/"},"modified":"2026-04-30T11:44:03","modified_gmt":"2026-04-30T09:44:03","slug":"personvernerklaering","status":"publish","type":"page","link":"https:\/\/www.byggdagboken.se\/no\/personvernerklaering\/","title":{"rendered":"Personvernerkl\u00e6ring"},"content":{"rendered":"\t\t<div data-elementor-type=\"wp-page\" data-elementor-id=\"11223\" class=\"elementor elementor-11223 elementor-408\" data-elementor-post-type=\"page\">\n\t\t\t\t<div class=\"elementor-element elementor-element-2c0ffa7e e-flex e-con-boxed e-con e-parent\" data-id=\"2c0ffa7e\" data-element_type=\"container\" data-e-type=\"container\" data-settings=\"{&quot;background_background&quot;:&quot;classic&quot;}\">\n\t\t\t\t\t<div class=\"e-con-inner\">\n\t\t\t\t<div class=\"elementor-element elementor-element-11dce575 elementor-widget elementor-widget-heading\" data-id=\"11dce575\" data-element_type=\"widget\" data-e-type=\"widget\" data-widget_type=\"heading.default\">\n\t\t\t\t\t<h1 class=\"elementor-heading-title elementor-size-default\">Personvernerkl\u00e6ring<\/h1>\t\t\t\t<\/div>\n\t\t\t\t<div class=\"elementor-element elementor-element-26f80690 elementor-widget elementor-widget-text-editor\" data-id=\"26f80690\" data-element_type=\"widget\" data-e-type=\"widget\" data-widget_type=\"text-editor.default\">\n\t\t\t\t\t\t\t\t\tF\u00f8lgende personvernerkl\u00e6ring gjelder fra og med 25. mai 2018.\r\n\r\nData er opplysninger som vi har og samler inn om deg og hvordan du bruker tjenestene v\u00e5re \u2013 for \u00e5 kunne gi deg virkelig gode opplevelser, tjenester og tilbud. Her f\u00e5r du vite: \r\n<ul>\r\n \t<li>Hvilken type data vi samler inn<\/li>\r\n \t<li>Hvordan vi samler inn data<\/li>\r\n \t<li>Hva vi bruker data til<\/li>\r\n \t<li>Hvor lenge vi lagrer data<\/li>\r\n \t<li>Til hvem vi utleverer data<\/li>\r\n \t<li>Hvordan vi beskytter data<\/li>\r\n \t<li>Du bestemmer over dine data<\/li>\r\n<\/ul>\r\n<h2>Hvilken type data vi samler inn<\/h2>\r\nVi samler inn to typer data om deg \u2013 kundedata og trafikkdata.\r\n\r\nKundedata er opplysninger som er knyttet til tjenesten din \u2013 f.eks. navn, adresse, e-postadresse, telefonnummer, personnummer. Det kan ogs\u00e5 v\u00e6re informasjon om hvilke tjenester du har og hvordan du bruker dem, bestillinger, bruker-ID, passord og annen informasjon som du har gitt ved dine kontakter med oss.  \r\n\r\nTrafikkdata er opplysninger som er knyttet til hva som skjer n\u00e5r du bruker tjenestene v\u00e5re. Trafikkdata behandles for \u00e5 overf\u00f8re en elektronisk melding via et elektronisk kommunikasjonsnett n\u00e5r du bruker tjenestene dine (f.eks. n\u00e5r du ringer en samtale eller sender e-post). \r\n<h2>Hvordan vi samler inn data<\/h2>\r\nVi samler inn og behandler data som:\r\n<ul>\r\n \t<li>du oppgir selv n\u00e5r du blir kunde hos oss og n\u00e5r du kommuniserer med oss \u2013 f.eks. n\u00e5r du blir kunde, kontakter oss for \u00e5 f\u00e5 informasjon eller abonnerer p\u00e5 nyhetsbrev. <\/li>\r\n \t<li>opprettes n\u00e5r du bruker noen av tjenestene v\u00e5re \u2013 f.eks. n\u00e5r du bes\u00f8ker nettsiden v\u00e5r, ringer eller sender SMS, e-post. <\/li>\r\n \t<li>vi henter fra andre kilder \u2013 f.eks. offentlig tilgjengelige personregistre som SPAR, registre som brukes til kredittvurdering som UC, samt fra andre operat\u00f8rer og samarbeidspartnere. <\/li>\r\n \t<li>samles inn ved at nettsidene v\u00e5re bruker informasjonskapsler som samler inn informasjon p\u00e5 og fra nettleseren din.<\/li>\r\n<\/ul>\r\nHvilken informasjon vi samler inn om deg avhenger av hvilken\/hvilke av tjenestene v\u00e5re du bruker.\r\n<h2>Hva vi bruker data til<\/h2>\r\nFor \u00e5 behandle data m\u00e5 det finnes st\u00f8tte i gjeldende personvernregelverk, et s\u00e5kalt rettslig grunnlag. Det betyr at for at v\u00e5r behandling av dine data skal v\u00e6re lovlig, kreves det at den er n\u00f8dvendig (1) for \u00e5 oppfylle avtalen med deg eller (2) for \u00e5 oppfylle en for Byggdagboken rettslig forpliktelse. Behandlingen av dine data kan ogs\u00e5 gj\u00f8res (3) etter en interesseavveining eller (4) etter at du har gitt ditt samtykke til nettopp den behandlingen.  \r\n\r\nFor \u00e5 kunne tilby tjenester og produkter m\u00e5 vi behandle og h\u00e5ndtere dine data.\r\n\r\nNedenfor f\u00f8lger eksempler p\u00e5 hvilke form\u00e5l vi behandler dine data til og med st\u00f8tte av hvilket rettslig grunnlag vi gj\u00f8r dette.\r\n<h3>Tilbud av tjenester<\/h3>\r\nVi behandler data for \u00e5 identifisere deg som kunde eller bruker, for \u00e5 h\u00e5ndtere og levere bestillinger i henhold til avtalen din og for \u00e5 tilby tjenester. Vi behandler ogs\u00e5 data for \u00e5 ta betalt for tjenestene du bruker, for \u00e5 h\u00e5ndtere fakturaer og betalinger, for kredittvurderingsform\u00e5l, for \u00e5 utbedre feil og h\u00e5ndtere andre hendelser, og for \u00e5 h\u00e5ndtere klager og reklamasjoner. \r\n\r\nRettslig grunnlag: oppfyllelse av avtale\r\n<h3>Annen kommunikasjon om tjenester<\/h3>\r\nVi behandler ogs\u00e5 data i forbindelse med annen kommunikasjon med deg, f.eks. n\u00e5r vi sender informasjon om og er i kontakt med deg i sp\u00f8rsm\u00e5l ang\u00e5ende tjenestene v\u00e5re. N\u00e5r du ringer kundeservice, kan samtalen bli tatt opp. N\u00e5r du chatter med kundeservice, kan de skrevne tekstene bli analysert. Dette gj\u00f8r vi for \u00e5 utdanne medarbeiderne v\u00e5re, forbedre talesvaret v\u00e5rt og arbeidsm\u00e5ten v\u00e5r for p\u00e5 den m\u00e5ten alltid \u00e5 kunne hjelpe deg p\u00e5 best mulig m\u00e5te.    \r\n\r\nRettslig grunnlag: berettiget interesse (kundedata) og samtykke (trafikkdata).\r\n<h3>Utvikling av tjenester<\/h3>\r\nVi behandler data for \u00e5 utvikle og h\u00e5ndtere virksomheten v\u00e5r, tjenestene og nettene v\u00e5re samt prosessene v\u00e5re. I dette form\u00e5let kan vi ogs\u00e5 komme til \u00e5 sammenstille statistikk for analysebehov. \r\n\r\nRettslig grunnlag: berettiget interesse (kundedata) og samtykke (trafikkdata).\r\n<h3>Direktemarkedsf\u00f8ring<\/h3>\r\nVi behandler ulike typer data for \u00e5 kunne markedsf\u00f8re produktene og tjenestene v\u00e5re direkte til deg. Du kan f\u00e5 den via f.eks. brev, telefon, SMS og e-post. I dette form\u00e5let kan vi ogs\u00e5 komme til \u00e5 sammenstille statistikk for analysebehov.   \r\n\r\nRettslig grunnlag: berettiget interesse (kundedata) og samtykke (trafikkdata).\r\n<h3>Informasjonssikkerhet og for \u00e5 forhindre misbruk av tjenester<\/h3>\r\nVi behandler data for \u00e5 ivareta sikkerheten for alle tjenestene v\u00e5re og kommunikasjonsnettene, for \u00e5 oppdage eller forhindre ulike typer ulovlig bruk eller bruk som p\u00e5 annen m\u00e5te strider mot vilk\u00e5rene for tjenesten. Vi behandler ogs\u00e5 disse opplysningene for \u00e5 forhindre misbruk av nett og tjenester samt for \u00e5 oppdage og forhindre bedrageri, virusangrep osv. \r\n\r\nRettslig grunnlag: oppfyllelse av avtale (kundedata) og rettslig forpliktelse (trafikkdata).\r\n<h3>Overholdelse av lover<\/h3>\r\nVi behandler data for \u00e5 oppfylle v\u00e5re lovp\u00e5lagte forpliktelser.\r\n\r\nRettslig grunnlag: rettslig forpliktelse\r\n<h2>Hvor lenge vi lagrer data<\/h2>\r\nVi lagrer aldri data lenger enn vi trenger. Visse data slettes umiddelbart, andre lagres i ulik tid avhengig av hva opplysningene skal brukes til og v\u00e5re forpliktelser i henhold til lov. \r\n\r\nKundedata lagres s\u00e5 lenge du er kunde hos Byggdagboken og deretter som lengst 24 m\u00e5neder etter at avtaleforholdet er opph\u00f8rt. Unntak gjelder for slikt underlag som m\u00e5 lagres i henhold til lov, f.eks. bokf\u00f8ringsloven.  \r\n\r\nVi lagrer ogs\u00e5 trafikkdata for \u00e5 kunne hjelpe deg hvis noe er feil med tjenestene som vi leverer. For at vi hele tiden skal kunne tilby bedre tjenester ut fra kundenes v\u00e5re behov, lagrer vi ogs\u00e5 statistikk ut fra disse opplysningene. Disse dataene lagres i 6\u201324 m\u00e5neder.  \r\n\r\nFor \u00e5 kunne tilby deg attraktive markedstilbud ut fra dine behov lagrer vi visse data. Vi lagrer informasjonen i 36 m\u00e5neder. \r\n\r\nFor \u00e5 begrense skade fra og beskytte deg mot internettbedrageri lagrer vi IP-adresser slik at vi kan etterforske, blokkere og fjerne adresser og meldinger. P\u00e5 den m\u00e5ten forhindre spredning av virus, spam og trojanere. Dynamiske IP-adresser i det faste nettet lagres i 6 m\u00e5neder og dynamiske IP-adresser i det mobile nettet lagres i 100 dager.  \r\n<h2>Til hvem utleverer vi data<\/h2>\r\nVi kan komme til \u00e5 utlevere dine data til:\r\n\r\nUnderleverand\u00f8rer og andre selskaper innen Byggdagboken som behandler data for v\u00e5r regning.\r\n\r\nInnenfor ulike omr\u00e5der engasjerer vi leverand\u00f8rer og i enkelte tilfeller ogs\u00e5 egne selskaper innen konsernet, for \u00e5 kunne levere tjenestene v\u00e5re. Det inneb\u00e6rer at ogs\u00e5 de trenger viss informasjon om deg som kunde. Disse partene f\u00e5r imidlertid ikke bruke data om deg til noe annet form\u00e5l enn for \u00e5 tilby tjenesten eller p\u00e5 de vilk\u00e5rene som vi angir.  \r\n<h3>Overf\u00f8ring til tredjeland<\/h3>\r\nEnkelte leverand\u00f8rer kan ha en del av virksomheten sin i land utenfor Norge eller EU\/E\u00d8S (s\u00e5kalte \u00abtredjeland\u00bb). Hvis vi for \u00e5 tilby tjenesten til deg overf\u00f8rer dine data til en leverand\u00f8r i et slikt tredjeland, iverksetter vi hensiktsmessige beskyttelsestiltak og sikrer at overf\u00f8rte data h\u00e5ndteres i samsvar med gjeldende lov. Dels finnes det enkelte slike land som EU-kommisjonen har besluttet at de oppfyller det niv\u00e5et p\u00e5 beskyttelse for personvern som kreves, dels skriver vi regelmessig avtaler med leverand\u00f8rene v\u00e5re om at de er forpliktet til \u00e5 anvende klausuler som EU-kommisjonen har godkjent vedr\u00f8rende beskyttelse av personvernet.  \r\n<ul>\r\n \t<li>EU-kommisjonens liste over godkjente tredjeland <a href=\"http:\/\/ec.europa.eu\/justice\/data-protection\/international-transfers\/adequacy\/index_en.htm\" target=\"_blank\" rel=\"noopener\">finner du her.<\/a><\/li>\r\n \t<li>EU-kommisjonens standardklausuler <a href=\"http:\/\/eur-lex.europa.eu\/legal-content\/SV\/TXT\/HTML\/?uri=CELEX:32010D0087&#038;from=EN\" target=\"_blank\" rel=\"noopener\">finner du her.<\/a><\/li>\r\n \t<li>Datatilsynets side om overf\u00f8ring av data til tredjeland <a href=\"https:\/\/www.datainspektionen.se\/om-oss\/internationellt-arbete\/tredjelandsoverforing\/\" target=\"_blank\" rel=\"noopener\">finner du her.<\/a><\/li>\r\n<\/ul>\r\n<h3>Myndigheter<\/h3>\r\nVi er forpliktet til, p\u00e5 foresp\u00f8rsel i henhold til lov og myndighetsbeslutning, \u00e5 utlevere de dataene som f\u00f8lger av beslutningen \u2013 f.eks. til politiet. \r\n<h2>Hvordan vi beskytter dine data<\/h2>\r\nVi arbeider kontinuerlig med \u00e5 beskytte kundenes v\u00e5re personvern. Sikkerhetsarbeidet v\u00e5rt omfatter beskyttelse av personer, informasjon, IT-infrastruktur, interne og offentlige nett, samt kontorbygg og tekniske anlegg. \r\n\r\nS\u00e6rskilt oppmerksomhet vies informasjonssikkerhet n\u00e5r det gjelder dine data for \u00e5 forebygge, forhindre og oppdage at de spres til utenforst\u00e5ende eller g\u00e5r tapt. Tilgang til dine data gis kun til dem som trenger det for sine arbeidsoppgaver. Behandling av data logges og kontrolleres systematisk. Kryptering av data skjer med allment anerkjente og sikre krypteringsmetoder. Vi arbeider kontinuerlig med bekjempelse av spam og virus i nettene v\u00e5re.    \r\n<h2>Du bestemmer over dine data<\/h2>\r\nViss behandling av data er basert p\u00e5 at vi har din godkjenning, s\u00e5kalt samtykke. Du bestemmer alltid hvilken behandling du godkjenner og om du vil tilbakekalle samtykket ditt.  <a href=\"https:\/\/byggdagboken.se\/sekretesspolicy-privacy-policy\/gdpr-formular\/\">Her finner du hvordan du gj\u00f8r det.<\/a>\r\n\r\nObs! For \u00e5 kunne tilby tjenester og produkter m\u00e5 vi behandle og h\u00e5ndtere dine data. Du er imidlertid ikke forpliktet til \u00e5 oppgi dine data til oss. Hvis du velger \u00e5 ikke gj\u00f8re det, er det ikke sikkert at vi kan tilby alle produktene og tjenestene v\u00e5re til deg.   \r\n\r\n<a href=\"https:\/\/byggdagboken.se\/sekretesspolicy-privacy-policy\/gdpr-formular\/\">Klikk her for \u00e5 be om \u00e5 f\u00e5 utlevert eller slette opplysningene dine. <\/a>\r\n\r\n&nbsp;\t\t\t\t\t\t\t\t<\/div>\n\t\t\t\t\t<\/div>\n\t\t\t\t<\/div>\n\t\t\t\t<\/div>\n\t\t","protected":false},"excerpt":{"rendered":"<p>F\u00f8lgende personvernerkl\u00e6ring gjelder fra og med 25. mai 2018. Data er opplysninger som vi har og samler inn om deg og hvordan du bruker tjenestene v\u00e5re \u2013 for \u00e5 kunne gi deg virkelig gode opplevelser, tjenester og tilbud. Her f\u00e5r du vite: Hvilken type data vi samler inn Hvordan vi samler inn data Hva vi [&hellip;]<\/p>\n","protected":false},"author":1,"featured_media":0,"parent":0,"menu_order":36,"comment_status":"closed","ping_status":"closed","template":"elementor_header_footer","meta":{"_acf_changed":false,"footnotes":""},"class_list":["post-11223","page","type-page","status-publish","hentry"],"acf":[],"yoast_head":"<!-- This site is optimized with the Yoast SEO plugin v27.5 - https:\/\/yoast.com\/product\/yoast-seo-wordpress\/ -->\n<title>Personvernerkl\u00e6ring - Byggdagboken<\/title>\n<meta name=\"robots\" content=\"index, follow, max-snippet:-1, max-image-preview:large, max-video-preview:-1\" \/>\n<link rel=\"canonical\" href=\"https:\/\/www.byggdagboken.se\/no\/personvernerklaering\/\" \/>\n<meta property=\"og:locale\" content=\"nb_NO\" \/>\n<meta property=\"og:type\" content=\"article\" \/>\n<meta property=\"og:title\" content=\"Personvernerkl\u00e6ring - Byggdagboken\" \/>\n<meta property=\"og:description\" content=\"F\u00f8lgende personvernerkl\u00e6ring gjelder fra og med 25. mai 2018. Data er opplysninger som vi har og samler inn om deg og hvordan du bruker tjenestene v\u00e5re \u2013 for \u00e5 kunne gi deg virkelig gode opplevelser, tjenester og tilbud. Her f\u00e5r du vite: Hvilken type data vi samler inn Hvordan vi samler inn data Hva vi [&hellip;]\" \/>\n<meta property=\"og:url\" content=\"https:\/\/www.byggdagboken.se\/no\/personvernerklaering\/\" \/>\n<meta property=\"og:site_name\" content=\"Byggdagboken\" \/>\n<meta property=\"article:modified_time\" content=\"2026-04-30T09:44:03+00:00\" \/>\n<meta name=\"twitter:card\" content=\"summary_large_image\" \/>\n<meta name=\"twitter:label1\" content=\"Ansl. lesetid\" \/>\n\t<meta name=\"twitter:data1\" content=\"7 minutter\" \/>\n<script type=\"application\/ld+json\" class=\"yoast-schema-graph\">{\"@context\":\"https:\\\/\\\/schema.org\",\"@graph\":[{\"@type\":\"WebPage\",\"@id\":\"https:\\\/\\\/www.byggdagboken.se\\\/no\\\/personvernerklaering\\\/\",\"url\":\"https:\\\/\\\/www.byggdagboken.se\\\/no\\\/personvernerklaering\\\/\",\"name\":\"Personvernerkl\u00e6ring - Byggdagboken\",\"isPartOf\":{\"@id\":\"https:\\\/\\\/www.byggdagboken.se\\\/no\\\/#website\"},\"datePublished\":\"2025-05-23T08:52:55+00:00\",\"dateModified\":\"2026-04-30T09:44:03+00:00\",\"breadcrumb\":{\"@id\":\"https:\\\/\\\/www.byggdagboken.se\\\/no\\\/personvernerklaering\\\/#breadcrumb\"},\"inLanguage\":\"nb-NO\",\"potentialAction\":[{\"@type\":\"ReadAction\",\"target\":[\"https:\\\/\\\/www.byggdagboken.se\\\/no\\\/personvernerklaering\\\/\"]}]},{\"@type\":\"BreadcrumbList\",\"@id\":\"https:\\\/\\\/www.byggdagboken.se\\\/no\\\/personvernerklaering\\\/#breadcrumb\",\"itemListElement\":[{\"@type\":\"ListItem\",\"position\":1,\"name\":\"Hem\",\"item\":\"https:\\\/\\\/www.byggdagboken.se\\\/no\\\/startside\\\/\"},{\"@type\":\"ListItem\",\"position\":2,\"name\":\"Personvernerkl\u00e6ring\"}]},{\"@type\":\"WebSite\",\"@id\":\"https:\\\/\\\/www.byggdagboken.se\\\/no\\\/#website\",\"url\":\"https:\\\/\\\/www.byggdagboken.se\\\/no\\\/\",\"name\":\"Byggdagboken\",\"description\":\"Koll med ett klick\",\"publisher\":{\"@id\":\"https:\\\/\\\/www.byggdagboken.se\\\/no\\\/#organization\"},\"potentialAction\":[{\"@type\":\"SearchAction\",\"target\":{\"@type\":\"EntryPoint\",\"urlTemplate\":\"https:\\\/\\\/www.byggdagboken.se\\\/no\\\/?s={search_term_string}\"},\"query-input\":{\"@type\":\"PropertyValueSpecification\",\"valueRequired\":true,\"valueName\":\"search_term_string\"}}],\"inLanguage\":\"nb-NO\"},{\"@type\":\"Organization\",\"@id\":\"https:\\\/\\\/www.byggdagboken.se\\\/no\\\/#organization\",\"name\":\"Byggdagboken\",\"url\":\"https:\\\/\\\/www.byggdagboken.se\\\/no\\\/\",\"logo\":{\"@type\":\"ImageObject\",\"inLanguage\":\"nb-NO\",\"@id\":\"https:\\\/\\\/www.byggdagboken.se\\\/no\\\/#\\\/schema\\\/logo\\\/image\\\/\",\"url\":\"https:\\\/\\\/www.byggdagboken.se\\\/wp-content\\\/uploads\\\/2025\\\/05\\\/Byggdagboken_Liggande_Shop-1.svg\",\"contentUrl\":\"https:\\\/\\\/www.byggdagboken.se\\\/wp-content\\\/uploads\\\/2025\\\/05\\\/Byggdagboken_Liggande_Shop-1.svg\",\"width\":606,\"height\":179,\"caption\":\"Byggdagboken\"},\"image\":{\"@id\":\"https:\\\/\\\/www.byggdagboken.se\\\/no\\\/#\\\/schema\\\/logo\\\/image\\\/\"}}]}<\/script>\n<!-- \/ Yoast SEO plugin. -->","yoast_head_json":{"title":"Personvernerkl\u00e6ring - Byggdagboken","robots":{"index":"index","follow":"follow","max-snippet":"max-snippet:-1","max-image-preview":"max-image-preview:large","max-video-preview":"max-video-preview:-1"},"canonical":"https:\/\/www.byggdagboken.se\/no\/personvernerklaering\/","og_locale":"nb_NO","og_type":"article","og_title":"Personvernerkl\u00e6ring - Byggdagboken","og_description":"F\u00f8lgende personvernerkl\u00e6ring gjelder fra og med 25. mai 2018. Data er opplysninger som vi har og samler inn om deg og hvordan du bruker tjenestene v\u00e5re \u2013 for \u00e5 kunne gi deg virkelig gode opplevelser, tjenester og tilbud. Her f\u00e5r du vite: Hvilken type data vi samler inn Hvordan vi samler inn data Hva vi [&hellip;]","og_url":"https:\/\/www.byggdagboken.se\/no\/personvernerklaering\/","og_site_name":"Byggdagboken","article_modified_time":"2026-04-30T09:44:03+00:00","twitter_card":"summary_large_image","twitter_misc":{"Ansl. lesetid":"7 minutter"},"schema":{"@context":"https:\/\/schema.org","@graph":[{"@type":"WebPage","@id":"https:\/\/www.byggdagboken.se\/no\/personvernerklaering\/","url":"https:\/\/www.byggdagboken.se\/no\/personvernerklaering\/","name":"Personvernerkl\u00e6ring - Byggdagboken","isPartOf":{"@id":"https:\/\/www.byggdagboken.se\/no\/#website"},"datePublished":"2025-05-23T08:52:55+00:00","dateModified":"2026-04-30T09:44:03+00:00","breadcrumb":{"@id":"https:\/\/www.byggdagboken.se\/no\/personvernerklaering\/#breadcrumb"},"inLanguage":"nb-NO","potentialAction":[{"@type":"ReadAction","target":["https:\/\/www.byggdagboken.se\/no\/personvernerklaering\/"]}]},{"@type":"BreadcrumbList","@id":"https:\/\/www.byggdagboken.se\/no\/personvernerklaering\/#breadcrumb","itemListElement":[{"@type":"ListItem","position":1,"name":"Hem","item":"https:\/\/www.byggdagboken.se\/no\/startside\/"},{"@type":"ListItem","position":2,"name":"Personvernerkl\u00e6ring"}]},{"@type":"WebSite","@id":"https:\/\/www.byggdagboken.se\/no\/#website","url":"https:\/\/www.byggdagboken.se\/no\/","name":"Byggdagboken","description":"Koll med ett klick","publisher":{"@id":"https:\/\/www.byggdagboken.se\/no\/#organization"},"potentialAction":[{"@type":"SearchAction","target":{"@type":"EntryPoint","urlTemplate":"https:\/\/www.byggdagboken.se\/no\/?s={search_term_string}"},"query-input":{"@type":"PropertyValueSpecification","valueRequired":true,"valueName":"search_term_string"}}],"inLanguage":"nb-NO"},{"@type":"Organization","@id":"https:\/\/www.byggdagboken.se\/no\/#organization","name":"Byggdagboken","url":"https:\/\/www.byggdagboken.se\/no\/","logo":{"@type":"ImageObject","inLanguage":"nb-NO","@id":"https:\/\/www.byggdagboken.se\/no\/#\/schema\/logo\/image\/","url":"https:\/\/www.byggdagboken.se\/wp-content\/uploads\/2025\/05\/Byggdagboken_Liggande_Shop-1.svg","contentUrl":"https:\/\/www.byggdagboken.se\/wp-content\/uploads\/2025\/05\/Byggdagboken_Liggande_Shop-1.svg","width":606,"height":179,"caption":"Byggdagboken"},"image":{"@id":"https:\/\/www.byggdagboken.se\/no\/#\/schema\/logo\/image\/"}}]}},"_links":{"self":[{"href":"https:\/\/www.byggdagboken.se\/no\/wp-json\/wp\/v2\/pages\/11223","targetHints":{"allow":["GET"]}}],"collection":[{"href":"https:\/\/www.byggdagboken.se\/no\/wp-json\/wp\/v2\/pages"}],"about":[{"href":"https:\/\/www.byggdagboken.se\/no\/wp-json\/wp\/v2\/types\/page"}],"author":[{"embeddable":true,"href":"https:\/\/www.byggdagboken.se\/no\/wp-json\/wp\/v2\/users\/1"}],"replies":[{"embeddable":true,"href":"https:\/\/www.byggdagboken.se\/no\/wp-json\/wp\/v2\/comments?post=11223"}],"version-history":[{"count":2,"href":"https:\/\/www.byggdagboken.se\/no\/wp-json\/wp\/v2\/pages\/11223\/revisions"}],"predecessor-version":[{"id":11225,"href":"https:\/\/www.byggdagboken.se\/no\/wp-json\/wp\/v2\/pages\/11223\/revisions\/11225"}],"wp:attachment":[{"href":"https:\/\/www.byggdagboken.se\/no\/wp-json\/wp\/v2\/media?parent=11223"}],"curies":[{"name":"wp","href":"https:\/\/api.w.org\/{rel}","templated":true}]}}