{"id":11495,"date":"2025-05-23T10:50:24","date_gmt":"2025-05-23T08:50:24","guid":{"rendered":"https:\/\/www.byggdagboken.se\/karriere\/"},"modified":"2026-04-30T11:57:00","modified_gmt":"2026-04-30T09:57:00","slug":"karriere","status":"publish","type":"page","link":"https:\/\/www.byggdagboken.se\/no\/karriere\/","title":{"rendered":"Karriere"},"content":{"rendered":"\t\t<div data-elementor-type=\"wp-page\" data-elementor-id=\"11495\" class=\"elementor elementor-11495 elementor-351\" data-elementor-post-type=\"page\">\n\t\t\t\t<div class=\"elementor-element elementor-element-1ad84d87 e-con-full e-flex e-con e-parent\" data-id=\"1ad84d87\" data-element_type=\"container\" data-e-type=\"container\" data-settings=\"{&quot;background_background&quot;:&quot;classic&quot;}\">\n\t\t<div class=\"elementor-element elementor-element-16474866 e-con-full e-flex e-con e-child\" data-id=\"16474866\" data-element_type=\"container\" data-e-type=\"container\">\n\t\t<div class=\"elementor-element elementor-element-7e5b733 e-con-full e-flex e-con e-child\" data-id=\"7e5b733\" data-element_type=\"container\" data-e-type=\"container\">\n\t\t\t\t<div class=\"elementor-element elementor-element-514c7091 elementor-widget elementor-widget-heading\" data-id=\"514c7091\" data-element_type=\"widget\" data-e-type=\"widget\" data-widget_type=\"heading.default\">\n\t\t\t\t\t<h1 class=\"elementor-heading-title elementor-size-default\">Karriere<\/h1>\t\t\t\t<\/div>\n\t\t\t\t<div class=\"elementor-element elementor-element-ba7bcd elementor-widget__width-initial elementor-widget elementor-widget-text-editor\" data-id=\"ba7bcd\" data-element_type=\"widget\" data-e-type=\"widget\" data-widget_type=\"text-editor.default\">\n\t\t\t\t\t\t\t\t\t<p><span>Siden 2016 har vi p\u00e5 Byggdagboken v\u00e6rt fast bestemt p\u00e5 \u00e5 <\/span><span>forenkle arbeidshverdagen for byggebransjen ved \u00e5 <\/span><span>digitalisere prosessen for prosjektstyring. V\u00e5r suksess er ikke bare et resultat av v\u00e5rt intuitive verkt\u00f8y, men ogs\u00e5 takket v\u00e6re det engasjerte teamet av medarbeidere som brenner for \u00e5 gj\u00f8re hver kundes opplevelse usl\u00e5elig. <\/span><span>Deler du v\u00e5r lidenskap for innovasjon og kundeservice \u2013 og er <\/span><span>klar til \u00e5 bli en viktig del av v\u00e5r videre reise? <\/span><span>Utforsk v\u00e5re ledige stillinger i dag<\/span><span>.<\/span><\/p>\t\t\t\t\t\t\t\t<\/div>\n\t\t<div class=\"elementor-element elementor-element-1a97bdd6 e-con-full elementor-hidden-mobile e-flex e-con e-child\" data-id=\"1a97bdd6\" data-element_type=\"container\" data-e-type=\"container\" data-settings=\"{&quot;background_background&quot;:&quot;classic&quot;}\">\n\t\t\t\t<\/div>\n\t\t\t\t<\/div>\n\t\t\t\t<\/div>\n\t\t\t\t<\/div>\n\t\t<div class=\"elementor-element elementor-element-f4d5bde e-con-full e-flex e-con e-parent\" data-id=\"f4d5bde\" data-element_type=\"container\" data-e-type=\"container\" data-settings=\"{&quot;background_background&quot;:&quot;classic&quot;}\">\n\t\t<div class=\"elementor-element elementor-element-66387c3c e-flex e-con-boxed e-con e-child\" data-id=\"66387c3c\" data-element_type=\"container\" data-e-type=\"container\">\n\t\t\t\t\t<div class=\"e-con-inner\">\n\t\t\t\t<div class=\"elementor-element elementor-element-7cc814b1 elementor-widget elementor-widget-heading\" data-id=\"7cc814b1\" data-element_type=\"widget\" data-e-type=\"widget\" data-widget_type=\"heading.default\">\n\t\t\t\t\t<h2 class=\"elementor-heading-title elementor-size-default\">Bli v\u00e5r neste medarbeider<\/h2>\t\t\t\t<\/div>\n\t\t\t\t<div class=\"elementor-element elementor-element-35781cab elementor-widget elementor-widget-text-editor\" data-id=\"35781cab\" data-element_type=\"widget\" data-e-type=\"widget\" data-widget_type=\"text-editor.default\">\n\t\t\t\t\t\t\t\t\t<p>F\u00f8ler du et sug etter \u00e5 bo og jobbe fra de nordlige delene av vakre H\u00e4lsingland?<\/p>\n<p>Da har du kommet til rett sted. Vi leter stadig etter de rette personene som kan hjelpe til i utviklingen, og v\u00e6re med p\u00e5 den reisen vi gj\u00f8r med selskapet. <\/p>\n<p>Vi er i dag rundt 20 medarbeidere innen blant annet salg, kundeservice, administrasjon, support og IT-utvikling. Du som medarbeider blir en del av et team som ser laget foran eget jeg, stadig p\u00e5 jakt etter forbedringsomr\u00e5der b\u00e5de p\u00e5 individuelt plan og innen selskapet. <\/p>\n<p>Du blir en sv\u00e6rt viktig akt\u00f8r i v\u00e5r videre utvikling, med visjonen om \u00e5 bli markedsledende innen digitale prosjektverkt\u00f8y rettet mot byggebransjen.<\/p>\n<p>For \u00e5 n\u00e5 dit tror vi det er viktig at du er m\u00e5lbevisst, kan h\u00e5ndtere h\u00f8yt tempo og kan legge ned det lille ekstra for \u00e5 n\u00e5 ditt eget samt v\u00e5rt felles m\u00e5l.<\/p>\t\t\t\t\t\t\t\t<\/div>\n\t\t\t\t\t<\/div>\n\t\t\t\t<\/div>\n\t\t<div class=\"elementor-element elementor-element-57e586d2 e-con-full e-flex e-con e-child\" data-id=\"57e586d2\" data-element_type=\"container\" data-e-type=\"container\" data-settings=\"{&quot;background_background&quot;:&quot;classic&quot;}\">\n\t\t\t\t<div class=\"elementor-element elementor-element-3b674d67 elementor-widget elementor-widget-heading\" data-id=\"3b674d67\" data-element_type=\"widget\" data-e-type=\"widget\" data-widget_type=\"heading.default\">\n\t\t\t\t\t<h2 class=\"elementor-heading-title elementor-size-default\">Ledige stillinger:<\/h2>\t\t\t\t<\/div>\n\t\t<div class=\"elementor-element elementor-element-24cebf2d e-flex e-con-boxed e-con e-child\" data-id=\"24cebf2d\" data-element_type=\"container\" data-e-type=\"container\">\n\t\t\t\t\t<div class=\"e-con-inner\">\n\t\t\t\t\t<\/div>\n\t\t\t\t<\/div>\n\t\t\t\t<div class=\"elementor-element elementor-element-46e46729 elementor-align-center elementor-widget elementor-widget-button\" data-id=\"46e46729\" data-element_type=\"widget\" data-e-type=\"widget\" data-widget_type=\"button.default\">\n\t\t\t\t\t\t\t\t\t\t<a class=\"elementor-button elementor-button-link elementor-size-sm\" href=\"#elementor-action%3Aaction%3Dpopup%3Aopen%26settings%3DeyJpZCI6MTE0MTksInRvZ2dsZSI6ZmFsc2V9\">\n\t\t\t\t\t\t<span class=\"elementor-button-content-wrapper\">\n\t\t\t\t\t\t\t\t\t<span class=\"elementor-button-text\">Send en spontans\u00f8knad<\/span>\n\t\t\t\t\t<\/span>\n\t\t\t\t\t<\/a>\n\t\t\t\t\t\t\t\t<\/div>\n\t\t\t\t<\/div>\n\t\t\t\t<\/div>\n\t\t\t\t<\/div>\n\t\t","protected":false},"excerpt":{"rendered":"<p>Karriere Siden 2016 har vi p\u00e5 Byggdagboken v\u00e6rt fast bestemt p\u00e5 \u00e5 forenkle arbeidshverdagen for byggebransjen ved \u00e5 digitalisere prosessen for prosjektstyring. V\u00e5r suksess er ikke bare et resultat av v\u00e5rt intuitive verkt\u00f8y, men ogs\u00e5 takket v\u00e6re det engasjerte teamet av medarbeidere som brenner for \u00e5 gj\u00f8re hver kundes opplevelse usl\u00e5elig. Deler du v\u00e5r lidenskap [&hellip;]<\/p>\n","protected":false},"author":1,"featured_media":0,"parent":0,"menu_order":41,"comment_status":"closed","ping_status":"closed","template":"elementor_header_footer","meta":{"_acf_changed":false,"footnotes":""},"class_list":["post-11495","page","type-page","status-publish","hentry"],"acf":[],"yoast_head":"<!-- This site is optimized with the Yoast SEO plugin v27.5 - https:\/\/yoast.com\/product\/yoast-seo-wordpress\/ -->\n<title>Karriere - Byggdagboken<\/title>\n<meta name=\"robots\" content=\"index, follow, max-snippet:-1, max-image-preview:large, max-video-preview:-1\" \/>\n<link rel=\"canonical\" href=\"https:\/\/www.byggdagboken.se\/no\/karriere\/\" \/>\n<meta property=\"og:locale\" content=\"nb_NO\" \/>\n<meta property=\"og:type\" content=\"article\" \/>\n<meta property=\"og:title\" content=\"Karriere - Byggdagboken\" \/>\n<meta property=\"og:description\" content=\"Karriere Siden 2016 har vi p\u00e5 Byggdagboken v\u00e6rt fast bestemt p\u00e5 \u00e5 forenkle arbeidshverdagen for byggebransjen ved \u00e5 digitalisere prosessen for prosjektstyring. V\u00e5r suksess er ikke bare et resultat av v\u00e5rt intuitive verkt\u00f8y, men ogs\u00e5 takket v\u00e6re det engasjerte teamet av medarbeidere som brenner for \u00e5 gj\u00f8re hver kundes opplevelse usl\u00e5elig. Deler du v\u00e5r lidenskap [&hellip;]\" \/>\n<meta property=\"og:url\" content=\"https:\/\/www.byggdagboken.se\/no\/karriere\/\" \/>\n<meta property=\"og:site_name\" content=\"Byggdagboken\" \/>\n<meta property=\"article:modified_time\" content=\"2026-04-30T09:57:00+00:00\" \/>\n<meta name=\"twitter:card\" content=\"summary_large_image\" \/>\n<meta name=\"twitter:label1\" content=\"Ansl. lesetid\" \/>\n\t<meta name=\"twitter:data1\" content=\"1 minutt\" \/>\n<script type=\"application\/ld+json\" class=\"yoast-schema-graph\">{\"@context\":\"https:\\\/\\\/schema.org\",\"@graph\":[{\"@type\":\"WebPage\",\"@id\":\"https:\\\/\\\/www.byggdagboken.se\\\/no\\\/karriere\\\/\",\"url\":\"https:\\\/\\\/www.byggdagboken.se\\\/no\\\/karriere\\\/\",\"name\":\"Karriere - Byggdagboken\",\"isPartOf\":{\"@id\":\"https:\\\/\\\/www.byggdagboken.se\\\/no\\\/#website\"},\"datePublished\":\"2025-05-23T08:50:24+00:00\",\"dateModified\":\"2026-04-30T09:57:00+00:00\",\"breadcrumb\":{\"@id\":\"https:\\\/\\\/www.byggdagboken.se\\\/no\\\/karriere\\\/#breadcrumb\"},\"inLanguage\":\"nb-NO\",\"potentialAction\":[{\"@type\":\"ReadAction\",\"target\":[\"https:\\\/\\\/www.byggdagboken.se\\\/no\\\/karriere\\\/\"]}]},{\"@type\":\"BreadcrumbList\",\"@id\":\"https:\\\/\\\/www.byggdagboken.se\\\/no\\\/karriere\\\/#breadcrumb\",\"itemListElement\":[{\"@type\":\"ListItem\",\"position\":1,\"name\":\"Hem\",\"item\":\"https:\\\/\\\/www.byggdagboken.se\\\/no\\\/startside\\\/\"},{\"@type\":\"ListItem\",\"position\":2,\"name\":\"Karriere\"}]},{\"@type\":\"WebSite\",\"@id\":\"https:\\\/\\\/www.byggdagboken.se\\\/no\\\/#website\",\"url\":\"https:\\\/\\\/www.byggdagboken.se\\\/no\\\/\",\"name\":\"Byggdagboken\",\"description\":\"Koll med ett klick\",\"publisher\":{\"@id\":\"https:\\\/\\\/www.byggdagboken.se\\\/no\\\/#organization\"},\"potentialAction\":[{\"@type\":\"SearchAction\",\"target\":{\"@type\":\"EntryPoint\",\"urlTemplate\":\"https:\\\/\\\/www.byggdagboken.se\\\/no\\\/?s={search_term_string}\"},\"query-input\":{\"@type\":\"PropertyValueSpecification\",\"valueRequired\":true,\"valueName\":\"search_term_string\"}}],\"inLanguage\":\"nb-NO\"},{\"@type\":\"Organization\",\"@id\":\"https:\\\/\\\/www.byggdagboken.se\\\/no\\\/#organization\",\"name\":\"Byggdagboken\",\"url\":\"https:\\\/\\\/www.byggdagboken.se\\\/no\\\/\",\"logo\":{\"@type\":\"ImageObject\",\"inLanguage\":\"nb-NO\",\"@id\":\"https:\\\/\\\/www.byggdagboken.se\\\/no\\\/#\\\/schema\\\/logo\\\/image\\\/\",\"url\":\"https:\\\/\\\/www.byggdagboken.se\\\/wp-content\\\/uploads\\\/2025\\\/05\\\/Byggdagboken_Liggande_Shop-1.svg\",\"contentUrl\":\"https:\\\/\\\/www.byggdagboken.se\\\/wp-content\\\/uploads\\\/2025\\\/05\\\/Byggdagboken_Liggande_Shop-1.svg\",\"width\":606,\"height\":179,\"caption\":\"Byggdagboken\"},\"image\":{\"@id\":\"https:\\\/\\\/www.byggdagboken.se\\\/no\\\/#\\\/schema\\\/logo\\\/image\\\/\"}}]}<\/script>\n<!-- \/ Yoast SEO plugin. -->","yoast_head_json":{"title":"Karriere - Byggdagboken","robots":{"index":"index","follow":"follow","max-snippet":"max-snippet:-1","max-image-preview":"max-image-preview:large","max-video-preview":"max-video-preview:-1"},"canonical":"https:\/\/www.byggdagboken.se\/no\/karriere\/","og_locale":"nb_NO","og_type":"article","og_title":"Karriere - Byggdagboken","og_description":"Karriere Siden 2016 har vi p\u00e5 Byggdagboken v\u00e6rt fast bestemt p\u00e5 \u00e5 forenkle arbeidshverdagen for byggebransjen ved \u00e5 digitalisere prosessen for prosjektstyring. V\u00e5r suksess er ikke bare et resultat av v\u00e5rt intuitive verkt\u00f8y, men ogs\u00e5 takket v\u00e6re det engasjerte teamet av medarbeidere som brenner for \u00e5 gj\u00f8re hver kundes opplevelse usl\u00e5elig. Deler du v\u00e5r lidenskap [&hellip;]","og_url":"https:\/\/www.byggdagboken.se\/no\/karriere\/","og_site_name":"Byggdagboken","article_modified_time":"2026-04-30T09:57:00+00:00","twitter_card":"summary_large_image","twitter_misc":{"Ansl. lesetid":"1 minutt"},"schema":{"@context":"https:\/\/schema.org","@graph":[{"@type":"WebPage","@id":"https:\/\/www.byggdagboken.se\/no\/karriere\/","url":"https:\/\/www.byggdagboken.se\/no\/karriere\/","name":"Karriere - Byggdagboken","isPartOf":{"@id":"https:\/\/www.byggdagboken.se\/no\/#website"},"datePublished":"2025-05-23T08:50:24+00:00","dateModified":"2026-04-30T09:57:00+00:00","breadcrumb":{"@id":"https:\/\/www.byggdagboken.se\/no\/karriere\/#breadcrumb"},"inLanguage":"nb-NO","potentialAction":[{"@type":"ReadAction","target":["https:\/\/www.byggdagboken.se\/no\/karriere\/"]}]},{"@type":"BreadcrumbList","@id":"https:\/\/www.byggdagboken.se\/no\/karriere\/#breadcrumb","itemListElement":[{"@type":"ListItem","position":1,"name":"Hem","item":"https:\/\/www.byggdagboken.se\/no\/startside\/"},{"@type":"ListItem","position":2,"name":"Karriere"}]},{"@type":"WebSite","@id":"https:\/\/www.byggdagboken.se\/no\/#website","url":"https:\/\/www.byggdagboken.se\/no\/","name":"Byggdagboken","description":"Koll med ett klick","publisher":{"@id":"https:\/\/www.byggdagboken.se\/no\/#organization"},"potentialAction":[{"@type":"SearchAction","target":{"@type":"EntryPoint","urlTemplate":"https:\/\/www.byggdagboken.se\/no\/?s={search_term_string}"},"query-input":{"@type":"PropertyValueSpecification","valueRequired":true,"valueName":"search_term_string"}}],"inLanguage":"nb-NO"},{"@type":"Organization","@id":"https:\/\/www.byggdagboken.se\/no\/#organization","name":"Byggdagboken","url":"https:\/\/www.byggdagboken.se\/no\/","logo":{"@type":"ImageObject","inLanguage":"nb-NO","@id":"https:\/\/www.byggdagboken.se\/no\/#\/schema\/logo\/image\/","url":"https:\/\/www.byggdagboken.se\/wp-content\/uploads\/2025\/05\/Byggdagboken_Liggande_Shop-1.svg","contentUrl":"https:\/\/www.byggdagboken.se\/wp-content\/uploads\/2025\/05\/Byggdagboken_Liggande_Shop-1.svg","width":606,"height":179,"caption":"Byggdagboken"},"image":{"@id":"https:\/\/www.byggdagboken.se\/no\/#\/schema\/logo\/image\/"}}]}},"_links":{"self":[{"href":"https:\/\/www.byggdagboken.se\/no\/wp-json\/wp\/v2\/pages\/11495","targetHints":{"allow":["GET"]}}],"collection":[{"href":"https:\/\/www.byggdagboken.se\/no\/wp-json\/wp\/v2\/pages"}],"about":[{"href":"https:\/\/www.byggdagboken.se\/no\/wp-json\/wp\/v2\/types\/page"}],"author":[{"embeddable":true,"href":"https:\/\/www.byggdagboken.se\/no\/wp-json\/wp\/v2\/users\/1"}],"replies":[{"embeddable":true,"href":"https:\/\/www.byggdagboken.se\/no\/wp-json\/wp\/v2\/comments?post=11495"}],"version-history":[{"count":2,"href":"https:\/\/www.byggdagboken.se\/no\/wp-json\/wp\/v2\/pages\/11495\/revisions"}],"predecessor-version":[{"id":11498,"href":"https:\/\/www.byggdagboken.se\/no\/wp-json\/wp\/v2\/pages\/11495\/revisions\/11498"}],"wp:attachment":[{"href":"https:\/\/www.byggdagboken.se\/no\/wp-json\/wp\/v2\/media?parent=11495"}],"curies":[{"name":"wp","href":"https:\/\/api.w.org\/{rel}","templated":true}]}}