{"id":11579,"date":"2025-05-23T10:49:14","date_gmt":"2025-05-23T08:49:14","guid":{"rendered":"https:\/\/www.byggdagboken.se\/generelle-vilkar\/"},"modified":"2026-04-30T12:44:47","modified_gmt":"2026-04-30T10:44:47","slug":"generelle-vilkar","status":"publish","type":"page","link":"https:\/\/www.byggdagboken.se\/no\/generelle-vilkar\/","title":{"rendered":"Generelle vilk\u00e5r"},"content":{"rendered":"\t\t<div data-elementor-type=\"wp-page\" data-elementor-id=\"11579\" class=\"elementor elementor-11579 elementor-196\" data-elementor-post-type=\"page\">\n\t\t\t\t<div class=\"elementor-element elementor-element-29af391f e-flex e-con-boxed e-con e-parent\" data-id=\"29af391f\" data-element_type=\"container\" data-e-type=\"container\" data-settings=\"{&quot;background_background&quot;:&quot;classic&quot;}\">\n\t\t\t\t\t<div class=\"e-con-inner\">\n\t\t\t\t<div class=\"elementor-element elementor-element-7e432969 elementor-widget elementor-widget-heading\" data-id=\"7e432969\" data-element_type=\"widget\" data-e-type=\"widget\" data-widget_type=\"heading.default\">\n\t\t\t\t\t<h2 class=\"elementor-heading-title elementor-size-default\">GENERELLE VILK\u00c5R<\/h2>\t\t\t\t<\/div>\n\t\t\t\t<div class=\"elementor-element elementor-element-41f61d18 elementor-widget elementor-widget-text-editor\" data-id=\"41f61d18\" data-element_type=\"widget\" data-e-type=\"widget\" data-widget_type=\"text-editor.default\">\n\t\t\t\t\t\t\t\t\t<p><span data-metadata=\"\"><\/span><span data-buffer=\"\"><\/span><span><strong>1. Generelt<\/strong><br\/>Disse vilk\u00e5rene gjelder for avtaler mellom Byggdagboken Sverige AB, org. nr. 556745-3112 (\u00abByggdagboken\u00bb) og kunden vedr\u00f8rende leverte tjenester som spesifisert ang\u00e5ende tjenester og antall brukere i ordrebekreftelsen (\u00abTjenesten\u00bb) som Byggdagboken har gitt til kunden.<\/span><\/p><p><span><strong>2. Avtale om tjeneste<\/strong><br\/>Mellom Byggdagboken og Kunden skal avtale (\u00abAvtalen\u00bb) om Tjenesten anses som inng\u00e5tt n\u00e5r kunden har godkjent ordrebekreftelsen, betaler fakturaen vedr\u00f8rende Tjenesten til Byggdagboken, logger inn i Tjenesten eller p\u00e5 annen m\u00e5te begynner \u00e5 bruke eller godkjenner Tjenesten.<\/span><\/p><p><span><strong>3. Utvidelse og oppgradering av Tjenesten<\/strong><br\/>Kunden kan i l\u00f8pet av avtaleperioden velge \u00e5 utvide antall brukere eller oppgradere Tjenesten til en av de alternative tjenestene som Byggdagboken tilbyr, mot at Kunden betaler et bel\u00f8p tilsvarende merkostnadene for den oppgraderte Tjenesten i den gjenv\u00e6rende avtaletiden.<br\/>Dersom kunden velger \u00e5 utvide antall brukere sammenlignet med det som er angitt i ordrebekreftelsen, belastes kunden for disse tilleggsbrukerne fra og med det tidspunktet kunden fikk tilgang til Tjenesten med de nye brukernavnene og passordene.<\/span><\/p><p><span><strong>4. Pris og betaling<\/strong><br\/>Prisen for Tjenesten er basert p\u00e5 hvor mange brukere kunden har valgt. Med bruker menes hvert unike brukernavn med passord som Kunden har mottatt for \u00e5 f\u00e5 tilgang til Tjenesten. Hver fysisk person som skal bruke Tjenesten m\u00e5 ha sitt eget brukernavn og passord.<br\/>Betaling for Tjenesten skal skje \u00e5rlig p\u00e5 forskudd etter godkjenning av ordrebekreftelse og mot faktura med 20 dagers betalingsfrist.<br\/>Dersom Kunden velger \u00e5 motta m\u00e5nedlig\/kvartalsvis fakturering og betale m\u00e5nedlig\/kvartalsvis p\u00e5 forskudd, har Byggdagboken rett til \u00e5 belaste et tillegg p\u00e5 10 % beregnet av prisen for Tjenesten i henhold til ordrebekreftelsen, og ved utvidelse og oppgradering av Tjenesten i henhold til prisen for den utvidede og\/eller oppgraderte Tjenesten.  <\/span><\/p><p><span>Fakturagebyr tilkommer med 50 kroner.<\/span><\/p><p><span>Uavhengig av \u00e5rsaken til at Kunden ikke betaler i tide, har Byggdagboken rett til \u00e5 holde tilbake sin ytelse.<\/span><\/p><p><span>Ved forsinket betaling p\u00e5l\u00f8per forsinkelsesrente i henhold til svensk rentelov (1975:635).<\/span><\/p><p><span><strong>5. Personvernpolicy<\/strong><br\/>Byggdagboken behandler personopplysninger i samsvar med personvernforordningen (GDPR). Byggdagboken behandler personopplysninger for \u00e5 identifisere kunder og brukere, for \u00e5 h\u00e5ndtere og levere bestillinger i samsvar med Avtalen og for \u00e5 levere Tjenesten. Byggdagboken behandler ogs\u00e5 personopplysninger for \u00e5 ta betalt for Tjenestene, for fakturering og betalinger, for \u00e5 utbedre feil og h\u00e5ndtere andre hendelser, samt for \u00e5 h\u00e5ndtere klager og reklamasjoner. Mer informasjon om hvordan vi bruker personopplysninger og data finnes p\u00e5 v\u00e5r nettside*.   <\/span><\/p><p><span><strong>6. Svensk lov &#038; GDPR<\/strong><br\/>Ved \u00e5 godkjenne Avtalen godtar Kunden \u00e5 f\u00f8lge svensk lovgivning samt Byggdagbokens personvernpolicy*.<\/span><\/p><p><span><strong>7. Avtaletid og oppsigelse<\/strong><br\/>Avtalen gjelder fra den dagen Avtalen inng\u00e5s og har en avtaletid p\u00e5 12 m\u00e5neder deretter (\u00abAvtaletiden\u00bb). Dersom Avtalen ikke sies opp skriftlig til uppsagning@byggdagboken.se av Kunden senest 3 m\u00e5neder f\u00f8r utl\u00f8pet av Avtaletiden, forlenges Avtaletiden med 12 m\u00e5neder om gangen med tre m\u00e5neders oppsigelsestid. <\/span><\/p><p><span>Byggdagboken har rett til \u00e5 heve Avtalen med umiddelbar virkning og motta betaling for gjenv\u00e6rende Avtaletid dersom Kunden:<\/span><\/p><p><span>a) gj\u00f8r seg skyldig i vesentlig kontraktsbrudd; eller<\/span><\/p><p><span>b) innstiller sine betalinger, innleder forhandlinger om gjeldsordning med sine kreditorer, blir gjenstand for konkursbegj\u00e6ring, sender inn s\u00f8knad om bedriftsrekonstruksjon eller akkord eller lignende, trer i likvidasjon eller det oppnevnes en bobestyrer for hele eller deler av Partens eiendeler.<\/span><\/p><p><span>Dersom Kunden velger \u00e5 utvide antall brukere og\/eller oppgradere Tjenesten i l\u00f8pet av avtaleperioden, omfattes disse tilleggsbrukerne og den oppgraderte Tjenesten av den avtalte p\u00e5g\u00e5ende Avtaletiden.<\/span><\/p><p><span>Dersom Kunden velger \u00e5 si opp eller p\u00e5 annen m\u00e5te avslutte Avtalen f\u00f8r den p\u00e5g\u00e5ende Avtaletiden er utl\u00f8pt, er Kunden forpliktet til \u00e5 betale for den gjenv\u00e6rende delen av Avtaletiden.<\/span><\/p><p><span><strong>8. Installasjon og bruk av Tjenestene<\/strong><br\/>Byggdagbokens system og alle data lagres sentralt p\u00e5 en server. Ingen data installeres eller lagres hos Kunden mer enn midlertidig og\/eller i den grad det er n\u00f8dvendig. <\/span><\/p><p><span><strong>9. Opphavsrettigheter<\/strong><br\/>Byggdagboken er eier av alle opphavsrettigheter til Tjenestene og tilh\u00f8rende systemer, alternativt har tillatelse til \u00e5 bruke andres opphavsrett i den grad det er n\u00f8dvendig.<\/span><\/p><p><span><strong>10. Overdragelse<\/strong><br\/>Kunden har ikke rett til, uten skriftlig samtykke fra Byggdagboken, helt eller delvis \u00e5 overdra eller pantsette sine rettigheter eller forpliktelser i Avtalen til tredjepart, eller p\u00e5 annen m\u00e5te gi tredjepart tilgang til Tjenester levert av Byggdagboken.<\/span><\/p><p><span><strong>11. Endringer og tillegg<\/strong><br\/>Byggdagboken har rett til \u00e5 endre vilk\u00e5rene i disse generelle vilk\u00e5rene og de til enhver tid gjeldende prisene for Tjenesten.<\/span><\/p><p><span><strong>12. Indeksregulering<\/strong><br\/>Det avtalte bel\u00f8pet skal hvert \u00e5r per 1. januar justeres ut fra forholdet mellom indekstall for sammenligningsm\u00e5nedene september (AKI) og oktober (ITPI) \u00e5ret f\u00f8r, og indeks for basism\u00e5neden februar 2008.<\/span><\/p><p><span><strong>13. Ansvarsbegrensning<\/strong><br\/>Byggdagboken er ikke ansvarlig for feil, avbrudd eller driftsforstyrrelser i Tjenesten, som for eksempel inneb\u00e6rer at kunden ikke f\u00e5r tilgang til Tjenesten eller tilleggstjenestene, p\u00e5 grunn av ytre omstendigheter som Byggdagboken ikke kan r\u00e5de over. Slike omstendigheter kan for eksempel v\u00e6re (men er ikke begrenset til) maskin- eller programvareproblemer eller str\u00f8m- eller internettbrudd.   <\/span><\/p><p><span>Ved slike avbrudd utbetales det ingen erstatning til Kunden.<\/span><\/p><p><span>Byggdagboken er ikke ansvarlig for person-, tings- eller formuesskade som f\u00f8lger, direkte eller indirekte, av bruk av Tjenesten.<\/span><\/p><p><span>Erstatning som Kunden har krav p\u00e5 fra Byggdagboken kan aldri, uavhengig av grunnlaget for erstatningskravet, overstige gebyret som Kunden har betalt.<\/span><\/p><p><span><strong>14. Force majeure<\/strong><br\/>Byggdagboken er fritatt for sanksjoner for manglende oppfyllelse av sine forpliktelser i henhold til Avtalen dersom unnlatelsen skyldes omstendigheter utenfor Byggdagbokens kontroll, og som Byggdagboken ikke kunne eller rimeligvis burde ha forutsett p\u00e5 tidspunktet for Avtalens inng\u00e5else, f.eks. krig, borgerkrig, brann, oversv\u00f8mmelse, avbrudd i offentlig kommunikasjon, avbrudd i den generelle energiforsyningen eller lignende omstendigheter. <\/span><\/p><p><span>N\u00e5r Byggdagboken innstiller sine forpliktelser med st\u00f8tte i f\u00f8rste ledd, skal tiden for oppfyllelse forlenges med den tiden omstendigheten medf\u00f8rer.<\/span><\/p><p><span><strong>15. Tvist<\/strong><br\/>Tvist ang\u00e5ende denne Avtalen skal i f\u00f8rste omgang avgj\u00f8res gjennom mekling mellom partenes utnevnte representanter. Dersom partene ikke kommer til enighet, skal tvisten endelig avgj\u00f8res av svensk domstol med anvendelse av svensk lov. <\/span><\/p><p><span style=\"text-decoration: underline;\"><strong>byggdagboken.se\/integritetspolicy<\/strong><\/span><\/p>\t\t\t\t\t\t\t\t<\/div>\n\t\t\t\t\t<\/div>\n\t\t\t\t<\/div>\n\t\t\t\t<\/div>\n\t\t","protected":false},"excerpt":{"rendered":"<p>GENERELLE VILK\u00c5R 1. GenereltDisse vilk\u00e5rene gjelder for avtaler mellom Byggdagboken Sverige AB, org. nr. 556745-3112 (\u00abByggdagboken\u00bb) og kunden vedr\u00f8rende leverte tjenester som spesifisert ang\u00e5ende tjenester og antall brukere i ordrebekreftelsen (\u00abTjenesten\u00bb) som Byggdagboken har gitt til kunden. 2. Avtale om tjenesteMellom Byggdagboken og Kunden skal avtale (\u00abAvtalen\u00bb) om Tjenesten anses som inng\u00e5tt n\u00e5r kunden har [&hellip;]<\/p>\n","protected":false},"author":1,"featured_media":0,"parent":0,"menu_order":47,"comment_status":"closed","ping_status":"closed","template":"elementor_header_footer","meta":{"_acf_changed":false,"footnotes":""},"class_list":["post-11579","page","type-page","status-publish","hentry"],"acf":[],"yoast_head":"<!-- This site is optimized with the Yoast SEO plugin v27.5 - https:\/\/yoast.com\/product\/yoast-seo-wordpress\/ -->\n<title>Generelle vilk\u00e5r - Byggdagboken<\/title>\n<meta name=\"robots\" content=\"index, follow, max-snippet:-1, max-image-preview:large, max-video-preview:-1\" \/>\n<link rel=\"canonical\" href=\"https:\/\/www.byggdagboken.se\/no\/generelle-vilkar\/\" \/>\n<meta property=\"og:locale\" content=\"nb_NO\" \/>\n<meta property=\"og:type\" content=\"article\" \/>\n<meta property=\"og:title\" content=\"Generelle vilk\u00e5r - Byggdagboken\" \/>\n<meta property=\"og:description\" content=\"GENERELLE VILK\u00c5R 1. GenereltDisse vilk\u00e5rene gjelder for avtaler mellom Byggdagboken Sverige AB, org. nr. 556745-3112 (\u00abByggdagboken\u00bb) og kunden vedr\u00f8rende leverte tjenester som spesifisert ang\u00e5ende tjenester og antall brukere i ordrebekreftelsen (\u00abTjenesten\u00bb) som Byggdagboken har gitt til kunden. 2. Avtale om tjenesteMellom Byggdagboken og Kunden skal avtale (\u00abAvtalen\u00bb) om Tjenesten anses som inng\u00e5tt n\u00e5r kunden har [&hellip;]\" \/>\n<meta property=\"og:url\" content=\"https:\/\/www.byggdagboken.se\/no\/generelle-vilkar\/\" \/>\n<meta property=\"og:site_name\" content=\"Byggdagboken\" \/>\n<meta property=\"article:modified_time\" content=\"2026-04-30T10:44:47+00:00\" \/>\n<meta name=\"twitter:card\" content=\"summary_large_image\" \/>\n<meta name=\"twitter:label1\" content=\"Ansl. lesetid\" \/>\n\t<meta name=\"twitter:data1\" content=\"5 minutter\" \/>\n<script type=\"application\/ld+json\" class=\"yoast-schema-graph\">{\"@context\":\"https:\\\/\\\/schema.org\",\"@graph\":[{\"@type\":\"WebPage\",\"@id\":\"https:\\\/\\\/www.byggdagboken.se\\\/no\\\/generelle-vilkar\\\/\",\"url\":\"https:\\\/\\\/www.byggdagboken.se\\\/no\\\/generelle-vilkar\\\/\",\"name\":\"Generelle vilk\u00e5r - Byggdagboken\",\"isPartOf\":{\"@id\":\"https:\\\/\\\/www.byggdagboken.se\\\/no\\\/#website\"},\"datePublished\":\"2025-05-23T08:49:14+00:00\",\"dateModified\":\"2026-04-30T10:44:47+00:00\",\"breadcrumb\":{\"@id\":\"https:\\\/\\\/www.byggdagboken.se\\\/no\\\/generelle-vilkar\\\/#breadcrumb\"},\"inLanguage\":\"nb-NO\",\"potentialAction\":[{\"@type\":\"ReadAction\",\"target\":[\"https:\\\/\\\/www.byggdagboken.se\\\/no\\\/generelle-vilkar\\\/\"]}]},{\"@type\":\"BreadcrumbList\",\"@id\":\"https:\\\/\\\/www.byggdagboken.se\\\/no\\\/generelle-vilkar\\\/#breadcrumb\",\"itemListElement\":[{\"@type\":\"ListItem\",\"position\":1,\"name\":\"Hem\",\"item\":\"https:\\\/\\\/www.byggdagboken.se\\\/no\\\/startside\\\/\"},{\"@type\":\"ListItem\",\"position\":2,\"name\":\"Generelle vilk\u00e5r\"}]},{\"@type\":\"WebSite\",\"@id\":\"https:\\\/\\\/www.byggdagboken.se\\\/no\\\/#website\",\"url\":\"https:\\\/\\\/www.byggdagboken.se\\\/no\\\/\",\"name\":\"Byggdagboken\",\"description\":\"Koll med ett klick\",\"publisher\":{\"@id\":\"https:\\\/\\\/www.byggdagboken.se\\\/no\\\/#organization\"},\"potentialAction\":[{\"@type\":\"SearchAction\",\"target\":{\"@type\":\"EntryPoint\",\"urlTemplate\":\"https:\\\/\\\/www.byggdagboken.se\\\/no\\\/?s={search_term_string}\"},\"query-input\":{\"@type\":\"PropertyValueSpecification\",\"valueRequired\":true,\"valueName\":\"search_term_string\"}}],\"inLanguage\":\"nb-NO\"},{\"@type\":\"Organization\",\"@id\":\"https:\\\/\\\/www.byggdagboken.se\\\/no\\\/#organization\",\"name\":\"Byggdagboken\",\"url\":\"https:\\\/\\\/www.byggdagboken.se\\\/no\\\/\",\"logo\":{\"@type\":\"ImageObject\",\"inLanguage\":\"nb-NO\",\"@id\":\"https:\\\/\\\/www.byggdagboken.se\\\/no\\\/#\\\/schema\\\/logo\\\/image\\\/\",\"url\":\"https:\\\/\\\/www.byggdagboken.se\\\/wp-content\\\/uploads\\\/2025\\\/05\\\/Byggdagboken_Liggande_Shop-1.svg\",\"contentUrl\":\"https:\\\/\\\/www.byggdagboken.se\\\/wp-content\\\/uploads\\\/2025\\\/05\\\/Byggdagboken_Liggande_Shop-1.svg\",\"width\":606,\"height\":179,\"caption\":\"Byggdagboken\"},\"image\":{\"@id\":\"https:\\\/\\\/www.byggdagboken.se\\\/no\\\/#\\\/schema\\\/logo\\\/image\\\/\"}}]}<\/script>\n<!-- \/ Yoast SEO plugin. -->","yoast_head_json":{"title":"Generelle vilk\u00e5r - Byggdagboken","robots":{"index":"index","follow":"follow","max-snippet":"max-snippet:-1","max-image-preview":"max-image-preview:large","max-video-preview":"max-video-preview:-1"},"canonical":"https:\/\/www.byggdagboken.se\/no\/generelle-vilkar\/","og_locale":"nb_NO","og_type":"article","og_title":"Generelle vilk\u00e5r - Byggdagboken","og_description":"GENERELLE VILK\u00c5R 1. GenereltDisse vilk\u00e5rene gjelder for avtaler mellom Byggdagboken Sverige AB, org. nr. 556745-3112 (\u00abByggdagboken\u00bb) og kunden vedr\u00f8rende leverte tjenester som spesifisert ang\u00e5ende tjenester og antall brukere i ordrebekreftelsen (\u00abTjenesten\u00bb) som Byggdagboken har gitt til kunden. 2. Avtale om tjenesteMellom Byggdagboken og Kunden skal avtale (\u00abAvtalen\u00bb) om Tjenesten anses som inng\u00e5tt n\u00e5r kunden har [&hellip;]","og_url":"https:\/\/www.byggdagboken.se\/no\/generelle-vilkar\/","og_site_name":"Byggdagboken","article_modified_time":"2026-04-30T10:44:47+00:00","twitter_card":"summary_large_image","twitter_misc":{"Ansl. lesetid":"5 minutter"},"schema":{"@context":"https:\/\/schema.org","@graph":[{"@type":"WebPage","@id":"https:\/\/www.byggdagboken.se\/no\/generelle-vilkar\/","url":"https:\/\/www.byggdagboken.se\/no\/generelle-vilkar\/","name":"Generelle vilk\u00e5r - Byggdagboken","isPartOf":{"@id":"https:\/\/www.byggdagboken.se\/no\/#website"},"datePublished":"2025-05-23T08:49:14+00:00","dateModified":"2026-04-30T10:44:47+00:00","breadcrumb":{"@id":"https:\/\/www.byggdagboken.se\/no\/generelle-vilkar\/#breadcrumb"},"inLanguage":"nb-NO","potentialAction":[{"@type":"ReadAction","target":["https:\/\/www.byggdagboken.se\/no\/generelle-vilkar\/"]}]},{"@type":"BreadcrumbList","@id":"https:\/\/www.byggdagboken.se\/no\/generelle-vilkar\/#breadcrumb","itemListElement":[{"@type":"ListItem","position":1,"name":"Hem","item":"https:\/\/www.byggdagboken.se\/no\/startside\/"},{"@type":"ListItem","position":2,"name":"Generelle vilk\u00e5r"}]},{"@type":"WebSite","@id":"https:\/\/www.byggdagboken.se\/no\/#website","url":"https:\/\/www.byggdagboken.se\/no\/","name":"Byggdagboken","description":"Koll med ett klick","publisher":{"@id":"https:\/\/www.byggdagboken.se\/no\/#organization"},"potentialAction":[{"@type":"SearchAction","target":{"@type":"EntryPoint","urlTemplate":"https:\/\/www.byggdagboken.se\/no\/?s={search_term_string}"},"query-input":{"@type":"PropertyValueSpecification","valueRequired":true,"valueName":"search_term_string"}}],"inLanguage":"nb-NO"},{"@type":"Organization","@id":"https:\/\/www.byggdagboken.se\/no\/#organization","name":"Byggdagboken","url":"https:\/\/www.byggdagboken.se\/no\/","logo":{"@type":"ImageObject","inLanguage":"nb-NO","@id":"https:\/\/www.byggdagboken.se\/no\/#\/schema\/logo\/image\/","url":"https:\/\/www.byggdagboken.se\/wp-content\/uploads\/2025\/05\/Byggdagboken_Liggande_Shop-1.svg","contentUrl":"https:\/\/www.byggdagboken.se\/wp-content\/uploads\/2025\/05\/Byggdagboken_Liggande_Shop-1.svg","width":606,"height":179,"caption":"Byggdagboken"},"image":{"@id":"https:\/\/www.byggdagboken.se\/no\/#\/schema\/logo\/image\/"}}]}},"_links":{"self":[{"href":"https:\/\/www.byggdagboken.se\/no\/wp-json\/wp\/v2\/pages\/11579","targetHints":{"allow":["GET"]}}],"collection":[{"href":"https:\/\/www.byggdagboken.se\/no\/wp-json\/wp\/v2\/pages"}],"about":[{"href":"https:\/\/www.byggdagboken.se\/no\/wp-json\/wp\/v2\/types\/page"}],"author":[{"embeddable":true,"href":"https:\/\/www.byggdagboken.se\/no\/wp-json\/wp\/v2\/users\/1"}],"replies":[{"embeddable":true,"href":"https:\/\/www.byggdagboken.se\/no\/wp-json\/wp\/v2\/comments?post=11579"}],"version-history":[{"count":2,"href":"https:\/\/www.byggdagboken.se\/no\/wp-json\/wp\/v2\/pages\/11579\/revisions"}],"predecessor-version":[{"id":11581,"href":"https:\/\/www.byggdagboken.se\/no\/wp-json\/wp\/v2\/pages\/11579\/revisions\/11581"}],"wp:attachment":[{"href":"https:\/\/www.byggdagboken.se\/no\/wp-json\/wp\/v2\/media?parent=11579"}],"curies":[{"name":"wp","href":"https:\/\/api.w.org\/{rel}","templated":true}]}}